{"id":1004,"date":"2020-10-09T13:39:05","date_gmt":"2020-10-09T19:39:05","guid":{"rendered":"http:\/\/shoptimizer.local\/?page_id=848"},"modified":"2023-06-16T17:27:57","modified_gmt":"2023-06-16T23:27:57","slug":"somosamiiwo","status":"publish","type":"page","link":"https:\/\/amiiwo.com\/store\/somosamiiwo\/","title":{"rendered":"Somos Amiiwo"},"content":{"rendered":"\t\t<div data-elementor-type=\"wp-post\" data-elementor-id=\"1004\" class=\"elementor elementor-1004\" data-elementor-settings=\"{&quot;ha_cmc_init_switcher&quot;:&quot;no&quot;}\">\n\t\t\t\t\t\t<section class=\"elementor-section elementor-top-section elementor-element elementor-element-28d7a9a8 elementor-section-stretched elementor-section-boxed elementor-section-height-default elementor-section-height-default\" data-id=\"28d7a9a8\" data-element_type=\"section\" data-e-type=\"section\" data-settings=\"{&quot;stretch_section&quot;:&quot;section-stretched&quot;,&quot;background_background&quot;:&quot;classic&quot;,&quot;_ha_eqh_enable&quot;:false}\">\n\t\t\t\t\t\t\t<div class=\"elementor-background-overlay\"><\/div>\n\t\t\t\t\t\t\t<div class=\"elementor-container elementor-column-gap-default\">\n\t\t\t\t\t<div class=\"elementor-column elementor-col-100 elementor-top-column elementor-element elementor-element-585bfc6d\" data-id=\"585bfc6d\" data-element_type=\"column\" data-e-type=\"column\">\n\t\t\t<div class=\"elementor-widget-wrap elementor-element-populated\">\n\t\t\t\t\t\t<section class=\"elementor-section elementor-inner-section elementor-element elementor-element-35cbf0ea elementor-section-boxed elementor-section-height-default elementor-section-height-default\" data-id=\"35cbf0ea\" data-element_type=\"section\" data-e-type=\"section\" data-settings=\"{&quot;_ha_eqh_enable&quot;:false}\">\n\t\t\t\t\t\t<div class=\"elementor-container elementor-column-gap-default\">\n\t\t\t\t\t<div class=\"elementor-column elementor-col-50 elementor-inner-column elementor-element elementor-element-26a1609a\" data-id=\"26a1609a\" data-element_type=\"column\" data-e-type=\"column\">\n\t\t\t<div class=\"elementor-widget-wrap elementor-element-populated\">\n\t\t\t\t\t\t<div class=\"elementor-element elementor-element-64a60170 elementor-invisible elementor-widget elementor-widget-heading\" data-id=\"64a60170\" data-element_type=\"widget\" data-e-type=\"widget\" data-settings=\"{&quot;_animation&quot;:&quot;fadeInUp&quot;}\" data-widget_type=\"heading.default\">\n\t\t\t\t<div class=\"elementor-widget-container\">\n\t\t\t\t\t<h1 class=\"elementor-heading-title elementor-size-default\">Sobre Amiiwo<\/h1>\t\t\t\t<\/div>\n\t\t\t\t<\/div>\n\t\t\t\t<div class=\"elementor-element elementor-element-3a6d1332 elementor-invisible elementor-widget elementor-widget-heading\" data-id=\"3a6d1332\" data-element_type=\"widget\" data-e-type=\"widget\" data-settings=\"{&quot;_animation&quot;:&quot;fadeInDown&quot;}\" data-widget_type=\"heading.default\">\n\t\t\t\t<div class=\"elementor-widget-container\">\n\t\t\t\t\t<h3 class=\"elementor-heading-title elementor-size-default\"><div data-pm-slice=\"1 1 []\" data-en-clipboard=\"true\">Amiiwo es una plataforma web pensada para corredores apasionados como t\u00fa.<span style=\"font-family: var( --e-global-typography-primary-font-family ), Sans-serif;letter-spacing: -0.3px\"><\/span><\/div><\/h3>\t\t\t\t<\/div>\n\t\t\t\t<\/div>\n\t\t\t\t\t<\/div>\n\t\t<\/div>\n\t\t\t\t<div class=\"elementor-column elementor-col-50 elementor-inner-column elementor-element elementor-element-bf6295e\" data-id=\"bf6295e\" data-element_type=\"column\" data-e-type=\"column\">\n\t\t\t<div class=\"elementor-widget-wrap\">\n\t\t\t\t\t\t\t<\/div>\n\t\t<\/div>\n\t\t\t\t\t<\/div>\n\t\t<\/section>\n\t\t\t\t\t<\/div>\n\t\t<\/div>\n\t\t\t\t\t<\/div>\n\t\t<\/section>\n\t\t\t\t<section class=\"elementor-section elementor-top-section elementor-element elementor-element-983905d elementor-section-boxed elementor-section-height-default elementor-section-height-default\" data-id=\"983905d\" data-element_type=\"section\" data-e-type=\"section\" data-settings=\"{&quot;_ha_eqh_enable&quot;:false}\">\n\t\t\t\t\t\t<div class=\"elementor-container elementor-column-gap-wider\">\n\t\t\t\t\t<div class=\"elementor-column elementor-col-50 elementor-top-column elementor-element elementor-element-7310116 elementor-invisible\" data-id=\"7310116\" data-element_type=\"column\" data-e-type=\"column\" data-settings=\"{&quot;animation&quot;:&quot;fadeIn&quot;}\">\n\t\t\t<div class=\"elementor-widget-wrap elementor-element-populated\">\n\t\t\t\t\t\t<div class=\"elementor-element elementor-element-5867941f elementor-widget elementor-widget-heading\" data-id=\"5867941f\" data-element_type=\"widget\" data-e-type=\"widget\" data-widget_type=\"heading.default\">\n\t\t\t\t<div class=\"elementor-widget-container\">\n\t\t\t\t\t<h6 class=\"elementor-heading-title elementor-size-default\">Nuestra historia comienza<\/h6>\t\t\t\t<\/div>\n\t\t\t\t<\/div>\n\t\t\t\t<div class=\"elementor-element elementor-element-3d3af9e7 title-left elementor-widget elementor-widget-heading\" data-id=\"3d3af9e7\" data-element_type=\"widget\" data-e-type=\"widget\" data-widget_type=\"heading.default\">\n\t\t\t\t<div class=\"elementor-widget-container\">\n\t\t\t\t\t<h2 class=\"elementor-heading-title elementor-size-default\">En el 2020<\/h2>\t\t\t\t<\/div>\n\t\t\t\t<\/div>\n\t\t\t\t<div class=\"elementor-element elementor-element-e710402 elementor-widget elementor-widget-text-editor\" data-id=\"e710402\" data-element_type=\"widget\" data-e-type=\"widget\" data-widget_type=\"text-editor.default\">\n\t\t\t\t<div class=\"elementor-widget-container\">\n\t\t\t\t\t\t\t\t\t<div data-pm-slice=\"1 1 []\" data-en-clipboard=\"true\">Nacimos durante la pandemia con el objetivo de promover carreras virtuales y mantener viva la emoci\u00f3n de correr. Pero no nos detuvimos ah\u00ed. Con el tiempo, nos convertimos en la opci\u00f3n l\u00edder para corredores que buscan desaf\u00edos reales.<\/div>\n<div>&nbsp;<\/div>\n<div>En Amiiwo, no solo puedes inscribirte en emocionantes carreras, sino que tambi\u00e9n te brindamos una comunidad vibrante de corredores dispuestos a compartir sus experiencias y consejos. \u00bfNecesitas mejorar tu rendimiento? Tenemos planes de entrenamiento personalizados y te proporcionamos valiosos consejos para ayudarte a alcanzar tus metas.<\/div>\t\t\t\t\t\t\t\t<\/div>\n\t\t\t\t<\/div>\n\t\t\t\t\t<\/div>\n\t\t<\/div>\n\t\t\t\t<div class=\"elementor-column elementor-col-50 elementor-top-column elementor-element elementor-element-34c609e elementor-invisible\" data-id=\"34c609e\" data-element_type=\"column\" data-e-type=\"column\" data-settings=\"{&quot;animation&quot;:&quot;fadeIn&quot;,&quot;animation_delay&quot;:200}\">\n\t\t\t<div class=\"elementor-widget-wrap elementor-element-populated\">\n\t\t\t\t\t\t<div class=\"elementor-element elementor-element-c04a566 animated-fast elementor-invisible elementor-widget elementor-widget-image\" data-id=\"c04a566\" data-element_type=\"widget\" data-e-type=\"widget\" data-settings=\"{&quot;_animation&quot;:&quot;fadeIn&quot;}\" data-widget_type=\"image.default\">\n\t\t\t\t<div class=\"elementor-widget-container\">\n\t\t\t\t\t\t\t\t\t\t\t\t\t\t\t<img fetchpriority=\"high\" decoding=\"async\" width=\"1024\" height=\"681\" src=\"https:\/\/i0.wp.com\/amiiwo.com\/store\/wp-content\/uploads\/2023\/06\/young-woman-trail-runner-running-in-sunrise-tropic-2022-02-03-01-31-02-utc-scaled.jpg?fit=1024%2C681&amp;ssl=1\" class=\"attachment-large size-large wp-image-42157\" alt=\"\" srcset=\"https:\/\/i0.wp.com\/amiiwo.com\/store\/wp-content\/uploads\/2023\/06\/young-woman-trail-runner-running-in-sunrise-tropic-2022-02-03-01-31-02-utc-scaled.jpg?w=2560&amp;ssl=1 2560w, https:\/\/i0.wp.com\/amiiwo.com\/store\/wp-content\/uploads\/2023\/06\/young-woman-trail-runner-running-in-sunrise-tropic-2022-02-03-01-31-02-utc-scaled.jpg?resize=300%2C200&amp;ssl=1 300w, https:\/\/i0.wp.com\/amiiwo.com\/store\/wp-content\/uploads\/2023\/06\/young-woman-trail-runner-running-in-sunrise-tropic-2022-02-03-01-31-02-utc-scaled.jpg?resize=1024%2C681&amp;ssl=1 1024w, https:\/\/i0.wp.com\/amiiwo.com\/store\/wp-content\/uploads\/2023\/06\/young-woman-trail-runner-running-in-sunrise-tropic-2022-02-03-01-31-02-utc-scaled.jpg?resize=768%2C511&amp;ssl=1 768w, https:\/\/i0.wp.com\/amiiwo.com\/store\/wp-content\/uploads\/2023\/06\/young-woman-trail-runner-running-in-sunrise-tropic-2022-02-03-01-31-02-utc-scaled.jpg?resize=1536%2C1022&amp;ssl=1 1536w, https:\/\/i0.wp.com\/amiiwo.com\/store\/wp-content\/uploads\/2023\/06\/young-woman-trail-runner-running-in-sunrise-tropic-2022-02-03-01-31-02-utc-scaled.jpg?resize=2048%2C1363&amp;ssl=1 2048w, https:\/\/i0.wp.com\/amiiwo.com\/store\/wp-content\/uploads\/2023\/06\/young-woman-trail-runner-running-in-sunrise-tropic-2022-02-03-01-31-02-utc-scaled.jpg?resize=600%2C399&amp;ssl=1 600w, https:\/\/i0.wp.com\/amiiwo.com\/store\/wp-content\/uploads\/2023\/06\/young-woman-trail-runner-running-in-sunrise-tropic-2022-02-03-01-31-02-utc-scaled.jpg?resize=150%2C100&amp;ssl=1 150w, https:\/\/i0.wp.com\/amiiwo.com\/store\/wp-content\/uploads\/2023\/06\/young-woman-trail-runner-running-in-sunrise-tropic-2022-02-03-01-31-02-utc-scaled.jpg?w=2340&amp;ssl=1 2340w\" sizes=\"(max-width: 1024px) 100vw, 1024px\" \/>\t\t\t\t\t\t\t\t\t\t\t\t\t\t\t<\/div>\n\t\t\t\t<\/div>\n\t\t\t\t\t<\/div>\n\t\t<\/div>\n\t\t\t\t\t<\/div>\n\t\t<\/section>\n\t\t\t\t<section class=\"elementor-section elementor-top-section elementor-element elementor-element-bb36c6f elementor-section-boxed elementor-section-height-default elementor-section-height-default\" data-id=\"bb36c6f\" data-element_type=\"section\" data-e-type=\"section\" data-settings=\"{&quot;_ha_eqh_enable&quot;:false}\">\n\t\t\t\t\t\t<div class=\"elementor-container elementor-column-gap-wider\">\n\t\t\t\t\t<div class=\"elementor-column elementor-col-50 elementor-top-column elementor-element elementor-element-2880450 elementor-invisible\" data-id=\"2880450\" data-element_type=\"column\" data-e-type=\"column\" data-settings=\"{&quot;animation&quot;:&quot;fadeIn&quot;}\">\n\t\t\t<div class=\"elementor-widget-wrap elementor-element-populated\">\n\t\t\t\t\t\t<div class=\"elementor-element elementor-element-db9c3d4 animated-fast elementor-invisible elementor-widget elementor-widget-image\" data-id=\"db9c3d4\" data-element_type=\"widget\" data-e-type=\"widget\" data-settings=\"{&quot;_animation&quot;:&quot;fadeIn&quot;}\" data-widget_type=\"image.default\">\n\t\t\t\t<div class=\"elementor-widget-container\">\n\t\t\t\t\t\t\t\t\t\t\t\t\t\t\t<img decoding=\"async\" width=\"1024\" height=\"683\" src=\"https:\/\/i0.wp.com\/amiiwo.com\/store\/wp-content\/uploads\/2023\/06\/runner-looking-at-sport-or-smart-watch-checking-pu-2021-08-26-22-35-23-utc-scaled.jpg?fit=1024%2C683&amp;ssl=1\" class=\"attachment-large size-large wp-image-42158\" alt=\"\" srcset=\"https:\/\/i0.wp.com\/amiiwo.com\/store\/wp-content\/uploads\/2023\/06\/runner-looking-at-sport-or-smart-watch-checking-pu-2021-08-26-22-35-23-utc-scaled.jpg?w=2560&amp;ssl=1 2560w, https:\/\/i0.wp.com\/amiiwo.com\/store\/wp-content\/uploads\/2023\/06\/runner-looking-at-sport-or-smart-watch-checking-pu-2021-08-26-22-35-23-utc-scaled.jpg?resize=300%2C200&amp;ssl=1 300w, https:\/\/i0.wp.com\/amiiwo.com\/store\/wp-content\/uploads\/2023\/06\/runner-looking-at-sport-or-smart-watch-checking-pu-2021-08-26-22-35-23-utc-scaled.jpg?resize=1024%2C683&amp;ssl=1 1024w, https:\/\/i0.wp.com\/amiiwo.com\/store\/wp-content\/uploads\/2023\/06\/runner-looking-at-sport-or-smart-watch-checking-pu-2021-08-26-22-35-23-utc-scaled.jpg?resize=768%2C512&amp;ssl=1 768w, https:\/\/i0.wp.com\/amiiwo.com\/store\/wp-content\/uploads\/2023\/06\/runner-looking-at-sport-or-smart-watch-checking-pu-2021-08-26-22-35-23-utc-scaled.jpg?resize=1536%2C1024&amp;ssl=1 1536w, https:\/\/i0.wp.com\/amiiwo.com\/store\/wp-content\/uploads\/2023\/06\/runner-looking-at-sport-or-smart-watch-checking-pu-2021-08-26-22-35-23-utc-scaled.jpg?resize=2048%2C1366&amp;ssl=1 2048w, https:\/\/i0.wp.com\/amiiwo.com\/store\/wp-content\/uploads\/2023\/06\/runner-looking-at-sport-or-smart-watch-checking-pu-2021-08-26-22-35-23-utc-scaled.jpg?resize=600%2C400&amp;ssl=1 600w, https:\/\/i0.wp.com\/amiiwo.com\/store\/wp-content\/uploads\/2023\/06\/runner-looking-at-sport-or-smart-watch-checking-pu-2021-08-26-22-35-23-utc-scaled.jpg?resize=150%2C100&amp;ssl=1 150w, https:\/\/i0.wp.com\/amiiwo.com\/store\/wp-content\/uploads\/2023\/06\/runner-looking-at-sport-or-smart-watch-checking-pu-2021-08-26-22-35-23-utc-scaled.jpg?w=2340&amp;ssl=1 2340w\" sizes=\"(max-width: 1024px) 100vw, 1024px\" \/>\t\t\t\t\t\t\t\t\t\t\t\t\t\t\t<\/div>\n\t\t\t\t<\/div>\n\t\t\t\t\t<\/div>\n\t\t<\/div>\n\t\t\t\t<div class=\"elementor-column elementor-col-50 elementor-top-column elementor-element elementor-element-7899afa elementor-invisible\" data-id=\"7899afa\" data-element_type=\"column\" data-e-type=\"column\" data-settings=\"{&quot;animation&quot;:&quot;fadeIn&quot;,&quot;animation_delay&quot;:200}\">\n\t\t\t<div class=\"elementor-widget-wrap elementor-element-populated\">\n\t\t\t\t\t\t<div class=\"elementor-element elementor-element-247d076 elementor-widget elementor-widget-heading\" data-id=\"247d076\" data-element_type=\"widget\" data-e-type=\"widget\" data-widget_type=\"heading.default\">\n\t\t\t\t<div class=\"elementor-widget-container\">\n\t\t\t\t\t<h6 class=\"elementor-heading-title elementor-size-default\">En el camino hemos agregado nuevas \u00e1reas<\/h6>\t\t\t\t<\/div>\n\t\t\t\t<\/div>\n\t\t\t\t<div class=\"elementor-element elementor-element-af7dfd6 title-right elementor-widget elementor-widget-heading\" data-id=\"af7dfd6\" data-element_type=\"widget\" data-e-type=\"widget\" data-widget_type=\"heading.default\">\n\t\t\t\t<div class=\"elementor-widget-container\">\n\t\t\t\t\t<h2 class=\"elementor-heading-title elementor-size-default\">Pasi\u00f3n por lo que hacemos<\/h2>\t\t\t\t<\/div>\n\t\t\t\t<\/div>\n\t\t\t\t<div class=\"elementor-element elementor-element-04da751 elementor-widget elementor-widget-text-editor\" data-id=\"04da751\" data-element_type=\"widget\" data-e-type=\"widget\" data-widget_type=\"text-editor.default\">\n\t\t\t\t<div class=\"elementor-widget-container\">\n\t\t\t\t\t\t\t\t\t<div>Adem\u00e1s, nos apasiona el equipo adecuado para correr. Por eso, te recomendamos marcas de productos \u00fatiles, desde zapatos y relojes GPS hasta suplementos nutricionales. En Amiiwo, creemos en la excelencia y queremos acompa\u00f1arte en cada paso de tu camino hacia el \u00e9xito.<\/div><div>\u00a0<\/div><div>\u00a1\u00danete a Amiiwo y descubre un mundo de carreras emocionantes, comunidad y recursos para llevar tu pasi\u00f3n por correr a una nueva dimension!\u00bb<\/div>\t\t\t\t\t\t\t\t<\/div>\n\t\t\t\t<\/div>\n\t\t\t\t\t<\/div>\n\t\t<\/div>\n\t\t\t\t\t<\/div>\n\t\t<\/section>\n\t\t\t\t<section class=\"elementor-section elementor-top-section elementor-element elementor-element-338b57d elementor-section-boxed elementor-section-height-default elementor-section-height-default\" data-id=\"338b57d\" data-element_type=\"section\" data-e-type=\"section\" data-settings=\"{&quot;_ha_eqh_enable&quot;:false}\">\n\t\t\t\t\t\t<div class=\"elementor-container elementor-column-gap-wider\">\n\t\t\t\t\t<div class=\"elementor-column elementor-col-50 elementor-top-column elementor-element elementor-element-e30bac7 elementor-invisible\" data-id=\"e30bac7\" data-element_type=\"column\" data-e-type=\"column\" data-settings=\"{&quot;animation&quot;:&quot;fadeIn&quot;}\">\n\t\t\t<div class=\"elementor-widget-wrap elementor-element-populated\">\n\t\t\t\t\t\t<div class=\"elementor-element elementor-element-b8a7ac1 elementor-widget elementor-widget-heading\" data-id=\"b8a7ac1\" data-element_type=\"widget\" data-e-type=\"widget\" data-widget_type=\"heading.default\">\n\t\t\t\t<div class=\"elementor-widget-container\">\n\t\t\t\t\t<h6 class=\"elementor-heading-title elementor-size-default\">Forma parte...<\/h6>\t\t\t\t<\/div>\n\t\t\t\t<\/div>\n\t\t\t\t<div class=\"elementor-element elementor-element-f97861c title-left elementor-widget elementor-widget-heading\" data-id=\"f97861c\" data-element_type=\"widget\" data-e-type=\"widget\" data-widget_type=\"heading.default\">\n\t\t\t\t<div class=\"elementor-widget-container\">\n\t\t\t\t\t<h2 class=\"elementor-heading-title elementor-size-default\">\u00bfPor qu\u00e9 pertenecer a nuestra comunidad?<\/h2>\t\t\t\t<\/div>\n\t\t\t\t<\/div>\n\t\t\t\t<div class=\"elementor-element elementor-element-740daea elementor-widget elementor-widget-text-editor\" data-id=\"740daea\" data-element_type=\"widget\" data-e-type=\"widget\" data-widget_type=\"text-editor.default\">\n\t\t\t\t<div class=\"elementor-widget-container\">\n\t\t\t\t\t\t\t\t\t<div data-pm-slice=\"1 1 []\" data-en-clipboard=\"true\"><span style=\"font-family: var( --e-global-typography-text-font-family ), Sans-serif; font-weight: var( --e-global-typography-text-font-weight ); letter-spacing: 0px;\">Amiiwo te brinda una amplia gama de beneficios exclusivos. Nuestra plataforma te ofrece acceso a valiosa asesor\u00eda y programas de entrenamiento personalizados para mejorar tu rendimiento atl\u00e9tico. Adem\u00e1s, formar\u00e1s parte de una comunidad apasionada de corredores, ciclistas y triatletas dispuestos a compartir experiencias, consejos y motivaci\u00f3n. Pr\u00f3ximamente, tambi\u00e9n podr\u00e1s disfrutar de descuentos especiales en diversos comercios y productos relacionados con nuestros deportes, permiti\u00e9ndote ahorrar mientras te equipas con lo mejor. En Amiiwo, encontrar\u00e1s todo lo que necesitas para llevar tu pasi\u00f3n deportiva al siguiente nivel y alcanzar tus metas con el apoyo de una comunidad comprometida.<\/span><\/div>\t\t\t\t\t\t\t\t<\/div>\n\t\t\t\t<\/div>\n\t\t\t\t\t<\/div>\n\t\t<\/div>\n\t\t\t\t<div class=\"elementor-column elementor-col-50 elementor-top-column elementor-element elementor-element-4938926 elementor-invisible\" data-id=\"4938926\" data-element_type=\"column\" data-e-type=\"column\" data-settings=\"{&quot;animation&quot;:&quot;fadeIn&quot;,&quot;animation_delay&quot;:200}\">\n\t\t\t<div class=\"elementor-widget-wrap elementor-element-populated\">\n\t\t\t\t\t\t<div class=\"elementor-element elementor-element-af85d13 animated-fast elementor-invisible elementor-widget elementor-widget-image\" data-id=\"af85d13\" data-element_type=\"widget\" data-e-type=\"widget\" data-settings=\"{&quot;_animation&quot;:&quot;fadeIn&quot;}\" data-widget_type=\"image.default\">\n\t\t\t\t<div class=\"elementor-widget-container\">\n\t\t\t\t\t\t\t\t\t\t\t\t\t\t\t<img decoding=\"async\" width=\"1024\" height=\"683\" src=\"https:\/\/i0.wp.com\/amiiwo.com\/store\/wp-content\/uploads\/2023\/06\/cyclist-texting-friend-in-background-2021-08-29-00-00-00-utc-scaled.jpg?fit=1024%2C683&amp;ssl=1\" class=\"attachment-large size-large wp-image-42159\" alt=\"\" srcset=\"https:\/\/i0.wp.com\/amiiwo.com\/store\/wp-content\/uploads\/2023\/06\/cyclist-texting-friend-in-background-2021-08-29-00-00-00-utc-scaled.jpg?w=2560&amp;ssl=1 2560w, https:\/\/i0.wp.com\/amiiwo.com\/store\/wp-content\/uploads\/2023\/06\/cyclist-texting-friend-in-background-2021-08-29-00-00-00-utc-scaled.jpg?resize=300%2C200&amp;ssl=1 300w, https:\/\/i0.wp.com\/amiiwo.com\/store\/wp-content\/uploads\/2023\/06\/cyclist-texting-friend-in-background-2021-08-29-00-00-00-utc-scaled.jpg?resize=1024%2C683&amp;ssl=1 1024w, https:\/\/i0.wp.com\/amiiwo.com\/store\/wp-content\/uploads\/2023\/06\/cyclist-texting-friend-in-background-2021-08-29-00-00-00-utc-scaled.jpg?resize=768%2C512&amp;ssl=1 768w, https:\/\/i0.wp.com\/amiiwo.com\/store\/wp-content\/uploads\/2023\/06\/cyclist-texting-friend-in-background-2021-08-29-00-00-00-utc-scaled.jpg?resize=1536%2C1024&amp;ssl=1 1536w, https:\/\/i0.wp.com\/amiiwo.com\/store\/wp-content\/uploads\/2023\/06\/cyclist-texting-friend-in-background-2021-08-29-00-00-00-utc-scaled.jpg?resize=2048%2C1365&amp;ssl=1 2048w, https:\/\/i0.wp.com\/amiiwo.com\/store\/wp-content\/uploads\/2023\/06\/cyclist-texting-friend-in-background-2021-08-29-00-00-00-utc-scaled.jpg?resize=600%2C400&amp;ssl=1 600w, https:\/\/i0.wp.com\/amiiwo.com\/store\/wp-content\/uploads\/2023\/06\/cyclist-texting-friend-in-background-2021-08-29-00-00-00-utc-scaled.jpg?resize=150%2C100&amp;ssl=1 150w, https:\/\/i0.wp.com\/amiiwo.com\/store\/wp-content\/uploads\/2023\/06\/cyclist-texting-friend-in-background-2021-08-29-00-00-00-utc-scaled.jpg?w=2340&amp;ssl=1 2340w\" sizes=\"(max-width: 1024px) 100vw, 1024px\" \/>\t\t\t\t\t\t\t\t\t\t\t\t\t\t\t<\/div>\n\t\t\t\t<\/div>\n\t\t\t\t\t<\/div>\n\t\t<\/div>\n\t\t\t\t\t<\/div>\n\t\t<\/section>\n\t\t\t\t<\/div>\n\t\t","protected":false},"excerpt":{"rendered":"<p>Sobre Amiiwo Amiiwo es una plataforma web pensada para corredores apasionados como t\u00fa. Nuestra historia comienza En el 2020 Nacimos durante la pandemia con el objetivo de promover carreras virtuales y mantener viva la emoci\u00f3n de correr. Pero no nos detuvimos ah\u00ed. Con el tiempo, nos convertimos en la opci\u00f3n l\u00edder para corredores que buscan [&hellip;]<\/p>\n","protected":false},"author":1,"featured_media":0,"parent":0,"menu_order":0,"comment_status":"closed","ping_status":"closed","template":"template-fullwidth-no-heading.php","meta":{"_uf_show_specific_survey":0,"_uf_disable_surveys":false,"footnotes":""},"class_list":["post-1004","page","type-page","status-publish","hentry"],"jetpack_sharing_enabled":true,"_links":{"self":[{"href":"https:\/\/amiiwo.com\/store\/wp-json\/wp\/v2\/pages\/1004","targetHints":{"allow":["GET"]}}],"collection":[{"href":"https:\/\/amiiwo.com\/store\/wp-json\/wp\/v2\/pages"}],"about":[{"href":"https:\/\/amiiwo.com\/store\/wp-json\/wp\/v2\/types\/page"}],"author":[{"embeddable":true,"href":"https:\/\/amiiwo.com\/store\/wp-json\/wp\/v2\/users\/1"}],"replies":[{"embeddable":true,"href":"https:\/\/amiiwo.com\/store\/wp-json\/wp\/v2\/comments?post=1004"}],"version-history":[{"count":11,"href":"https:\/\/amiiwo.com\/store\/wp-json\/wp\/v2\/pages\/1004\/revisions"}],"predecessor-version":[{"id":42164,"href":"https:\/\/amiiwo.com\/store\/wp-json\/wp\/v2\/pages\/1004\/revisions\/42164"}],"wp:attachment":[{"href":"https:\/\/amiiwo.com\/store\/wp-json\/wp\/v2\/media?parent=1004"}],"curies":[{"name":"wp","href":"https:\/\/api.w.org\/{rel}","templated":true}]}}