{"id":2,"date":"2021-03-11T21:09:07","date_gmt":"2021-03-12T03:09:07","guid":{"rendered":"https:\/\/amiiwo.com\/store\/?page_id=2"},"modified":"2024-07-24T22:32:22","modified_gmt":"2024-07-25T04:32:22","slug":"deslinde-de-responsabilidad","status":"publish","type":"page","link":"https:\/\/amiiwo.com\/store\/deslinde-de-responsabilidad\/","title":{"rendered":"DESLINDE DE RESPONSABILIDAD -G"},"content":{"rendered":"\r\n<ol>\r\n<li style=\"text-align: justify;\">Declaro que participo bajo mi propia responsabilidad e iniciativa, en tal sentido, reconozco y asumo cualquier consecuencia derivada de los riesgos y peligros eventuales, que a manera ejemplificativa y no limitativa implican:<\/li>\r\n<\/ol>\r\n<ul style=\"text-align: justify;\">\r\n<li>El riesgo de una lesi\u00f3n y\/o enfermedad, inclusive la posibilidad de una discapacidad permanente y muerte, a partir de la desatenci\u00f3n total o parcial de las instrucciones, recomendaciones, normas y medidas de seguridad que se me indiquen durante el Evento y las que racionalmente puedan intuirse por sentido com\u00fan, representantes o marcas patrocinadoras.<\/li>\r\n<li>El riesgo de participar en el evento a sabiendas de no gozar de buena salud, padecer alguna enfermedad, encontrarme en estado de embarazo, o en cualquier otra condici\u00f3n que ponga en riesgo mi salud.<\/li>\r\n<\/ul>\r\n<ol style=\"text-align: justify;\" start=\"2\">\r\n<li>Al momento de participar en el evento lo har\u00e9 si y solo s\u00ed gozo de buena salud, no lo har\u00e9 bajo el efecto de ninguna sustancia t\u00f3xica, estupefacientes, drogas prescritas o no prescritas, estimulantes y\/o alcohol, enfermedades contagiosas y\/o Covid19 que puedan comprometer mi desempe\u00f1o en las actividades, as\u00ed como de los participantes, miembros del comit\u00e9 organizador y\/o patrocinadores.<\/li>\r\n<li>Si el evento es suspendido y\/o reprogramado por causas ajenas a la organizaci\u00f3n, no habr\u00e1 reembolso y la inscripci\u00f3n quedar\u00e1 vigente para la nueva fecha en la que se reprograme.<\/li>\r\n<li>En caso de que abandone la competencia estoy obligado a informarlo al comit\u00e9 organizador.<\/li>\r\n<li>Autorizo sin limitaciones a cualquiera de las mencionadas anteriormente a que usen mi nombre, mi voz y\/o fotograf\u00eda\/video en cualquier transmisi\u00f3n, publicidad, promoci\u00f3n u otros reportajes sobre este evento.<\/li>\r\n<\/ol>\r\n<ul style=\"text-align: justify;\">\r\n<li>En consideraci\u00f3n a todo lo expresado en el apartado anterior, por este medio exonero de toda responsabilidad, ya sea de naturaleza civil o penal, o de cualquier otra naturaleza a del comit\u00e9 organizador, staff de apoyo y\/o patrocinadores, representantes, con respecto a cualquier lesi\u00f3n, discapacidad temporal o permanente, muerte, o p\u00e9rdida o da\u00f1o a mi persona o propiedad, causado como consecuencia del evento as\u00ed como de cualquier perjuicio o da\u00f1o derivado del mismo.<\/li>\r\n<li>En caso de suceder cualquier incidente les autorizo a proveerme de asistencia m\u00e9dica y trasladarme a un centro asistencial ya sea este p\u00fablico o privado que en ese momento crean conveniente.<\/li>\r\n<\/ul>\r\n<p style=\"text-align: justify;\">Por estar de acuerdo con lo antes manifestado lo acepto libre y voluntariamente.<\/p>\r\n<p>&nbsp;<\/p>\r\n","protected":false},"excerpt":{"rendered":"<p>Declaro que participo bajo mi propia responsabilidad e iniciativa, en tal sentido, reconozco y asumo cualquier consecuencia derivada de los riesgos y peligros eventuales, que a manera ejemplificativa y no limitativa implican: El riesgo de una lesi\u00f3n y\/o enfermedad, inclusive la posibilidad de una discapacidad permanente y muerte, a partir de la desatenci\u00f3n total o [&hellip;]<\/p>\n","protected":false},"author":1,"featured_media":0,"parent":0,"menu_order":0,"comment_status":"closed","ping_status":"closed","template":"","meta":{"_uf_show_specific_survey":0,"_uf_disable_surveys":false,"footnotes":""},"class_list":["post-2","page","type-page","status-publish","hentry"],"jetpack_sharing_enabled":true,"_links":{"self":[{"href":"https:\/\/amiiwo.com\/store\/wp-json\/wp\/v2\/pages\/2","targetHints":{"allow":["GET"]}}],"collection":[{"href":"https:\/\/amiiwo.com\/store\/wp-json\/wp\/v2\/pages"}],"about":[{"href":"https:\/\/amiiwo.com\/store\/wp-json\/wp\/v2\/types\/page"}],"author":[{"embeddable":true,"href":"https:\/\/amiiwo.com\/store\/wp-json\/wp\/v2\/users\/1"}],"replies":[{"embeddable":true,"href":"https:\/\/amiiwo.com\/store\/wp-json\/wp\/v2\/comments?post=2"}],"version-history":[{"count":5,"href":"https:\/\/amiiwo.com\/store\/wp-json\/wp\/v2\/pages\/2\/revisions"}],"predecessor-version":[{"id":59724,"href":"https:\/\/amiiwo.com\/store\/wp-json\/wp\/v2\/pages\/2\/revisions\/59724"}],"wp:attachment":[{"href":"https:\/\/amiiwo.com\/store\/wp-json\/wp\/v2\/media?parent=2"}],"curies":[{"name":"wp","href":"https:\/\/api.w.org\/{rel}","templated":true}]}}