{"id":57972,"date":"2024-06-08T11:11:42","date_gmt":"2024-06-08T17:11:42","guid":{"rendered":"https:\/\/amiiwo.com\/store\/?page_id=57972"},"modified":"2026-04-28T10:16:31","modified_gmt":"2026-04-28T16:16:31","slug":"21-k-suchitoto","status":"publish","type":"page","link":"https:\/\/amiiwo.com\/store\/21-k-suchitoto\/","title":{"rendered":"21 K SUCHITOTO &#8211; DESLINDE DE RESPONSABILIDAD"},"content":{"rendered":"<p>&nbsp;<\/p>\n<p><img data-recalc-dims=\"1\" fetchpriority=\"high\" decoding=\"async\" class=\"aligncenter wp-image-94131 size-full\" src=\"https:\/\/i0.wp.com\/amiiwo.com\/store\/wp-content\/uploads\/2026\/04\/Imagen4.png?resize=589%2C108&#038;ssl=1\" alt=\"\" width=\"589\" height=\"108\" srcset=\"https:\/\/i0.wp.com\/amiiwo.com\/store\/wp-content\/uploads\/2026\/04\/Imagen4.png?w=589&amp;ssl=1 589w, https:\/\/i0.wp.com\/amiiwo.com\/store\/wp-content\/uploads\/2026\/04\/Imagen4.png?resize=300%2C55&amp;ssl=1 300w, https:\/\/i0.wp.com\/amiiwo.com\/store\/wp-content\/uploads\/2026\/04\/Imagen4.png?resize=150%2C28&amp;ssl=1 150w\" sizes=\"(max-width: 589px) 100vw, 589px\" \/><\/p>\n<p style=\"text-align: justify;\">Declaraci\u00f3n de Exoneraci\u00f3n y Aceptaci\u00f3n de T\u00e9rminos<\/p>\n<p style=\"text-align: justify;\">Por este medio exonero en mi propio nombre y en nombre de mis herederos y\/o ejecutores de cualquier responsabilidad a Suchitoto Trail Race, patrocinadores y dem\u00e1s colaboradores en la organizaci\u00f3n de este evento respecto a cualquier lesi\u00f3n, discapacidad, muerte, p\u00e9rdida o da\u00f1os a mi persona o propiedad. Estoy consciente de los riesgos que implican dicha actividad y declaro que realizar\u00e9 la actividad bajo mi propia responsabilidad renunciando mis derechos de reclamo a Suchitoto Trail Race y representantes del evento.<\/p>\n<p style=\"text-align: justify;\">Doy fe que no tengo una prescripci\u00f3n m\u00e9dica que me impida participar y estoy en plena capacidad f\u00edsica y ps\u00edquica, adem\u00e1s de encontrarme medicamente apto y adecuadamente entrenado para la realizaci\u00f3n de la prueba. Autorizo a la organizaci\u00f3n a que me practiquen cualquier evaluaci\u00f3n o prueba m\u00e9dica que ellos consideren conveniente antes y durante el evento.<\/p>\n<p style=\"text-align: justify;\">Asimismo, autorizo a los mencionados que utilicen mi nombre, voz y fotograf\u00eda en cualquier retransmisi\u00f3n, publicidad o reportaje que se publique de este evento. Me comprometo a cumplir las normas establecidas por la organizaci\u00f3n y a seguir las pautas generales de respeto a los dem\u00e1s y al medio ambiente.<\/p>\n<p style=\"text-align: justify;\">He le\u00eddo y entiendo en su totalidad los t\u00e9rminos expuestos del evento SUCHITOTO TRAIL RACE, por lo que estoy de acuerdo y acepto libre y voluntariamente la presente declaraci\u00f3n.<\/p>\n","protected":false},"excerpt":{"rendered":"<p>&nbsp; Declaraci\u00f3n de Exoneraci\u00f3n y Aceptaci\u00f3n de T\u00e9rminos Por este medio exonero en mi propio nombre y en nombre de mis herederos y\/o ejecutores de cualquier responsabilidad a Suchitoto Trail Race, patrocinadores y dem\u00e1s colaboradores en la organizaci\u00f3n de este evento respecto a cualquier lesi\u00f3n, discapacidad, muerte, p\u00e9rdida o da\u00f1os a mi persona o propiedad. [&hellip;]<\/p>\n","protected":false},"author":2,"featured_media":0,"parent":0,"menu_order":0,"comment_status":"closed","ping_status":"closed","template":"","meta":{"_uf_show_specific_survey":0,"_uf_disable_surveys":false,"footnotes":""},"class_list":["post-57972","page","type-page","status-publish","hentry"],"jetpack_sharing_enabled":true,"_links":{"self":[{"href":"https:\/\/amiiwo.com\/store\/wp-json\/wp\/v2\/pages\/57972","targetHints":{"allow":["GET"]}}],"collection":[{"href":"https:\/\/amiiwo.com\/store\/wp-json\/wp\/v2\/pages"}],"about":[{"href":"https:\/\/amiiwo.com\/store\/wp-json\/wp\/v2\/types\/page"}],"author":[{"embeddable":true,"href":"https:\/\/amiiwo.com\/store\/wp-json\/wp\/v2\/users\/2"}],"replies":[{"embeddable":true,"href":"https:\/\/amiiwo.com\/store\/wp-json\/wp\/v2\/comments?post=57972"}],"version-history":[{"count":7,"href":"https:\/\/amiiwo.com\/store\/wp-json\/wp\/v2\/pages\/57972\/revisions"}],"predecessor-version":[{"id":94193,"href":"https:\/\/amiiwo.com\/store\/wp-json\/wp\/v2\/pages\/57972\/revisions\/94193"}],"wp:attachment":[{"href":"https:\/\/amiiwo.com\/store\/wp-json\/wp\/v2\/media?parent=57972"}],"curies":[{"name":"wp","href":"https:\/\/api.w.org\/{rel}","templated":true}]}}