{"id":59206,"date":"2024-07-11T14:29:36","date_gmt":"2024-07-11T20:29:36","guid":{"rendered":"https:\/\/amiiwo.com\/store\/?page_id=59206"},"modified":"2024-07-11T14:29:36","modified_gmt":"2024-07-11T20:29:36","slug":"loteria-run","status":"publish","type":"page","link":"https:\/\/amiiwo.com\/store\/loteria-run\/","title":{"rendered":"Loter\u00eda Run"},"content":{"rendered":"<p style=\"text-align: justify;\">1- Declaro que participo en la Carrera LOTER\u00cdA RUN bajo mi propia responsabilidad e iniciativa, en tal sentido, reconozco y asumo cualquier consecuencia derivada de los riesgos y peligros eventuales, que a manera ejemplificativa y no limitativa implican:<\/p>\n<p style=\"text-align: justify;\">El riesgo de una lesi\u00f3n y\/o enfermedad, inclusive la posibilidad de una discapacidad permanente y muerte, a partir de la desatenci\u00f3n total o parcial de las instrucciones, recomendaciones, normas y medidas de seguridad que se me indiquen durante el Evento y las que racionalmente puedan intuirse por sentido com\u00fan, o incluso como producto de un caso fortuito o fuerza mayor no imputable a R4H SPORTS AND MARKETING, S.A. DE C.V. \/ EL SALVADOR SPORTS AND MARKETING S.A. DE C.V., a sus empleados, agentes, representantes o marcas patrocinadoras.<\/p>\n<p style=\"text-align: justify;\">Riesgos imprevistos o desconocidos, a consecuencia de actuaciones negligentes de mi parte, o inclusive actuaciones negligentes, delitos o faltas culposas ocurridos durante el evento.<\/p>\n<p style=\"text-align: justify;\">El riesgo de participar en el evento a sabiendas de no gozar de buena salud, padecer alguna enfermedad, encontrarme en estado de embarazo, o en cualquier otra condici\u00f3n que ponga en riesgo mi salud.<\/p>\n<p style=\"text-align: justify;\">2- Al momento de participar en el evento lo har\u00e9 si y solo s\u00ed gozo de buena salud, no lo har\u00e9 bajo el efecto de ninguna sustancia t\u00f3xica, estupefacientes, drogas prescritas o no prescritas, estimulantes y\/o alcohol, enfermedades contagiosas y\/o Covid19 que puedan comprometer mi desempe\u00f1o en las actividades, as\u00ed como de los participantes, miembros del comit\u00e9 organizador y\/o patrocinadores.<\/p>\n<p style=\"text-align: justify;\">3- Si el evento es suspendido y\/o reprogramado por causas ajenas a la organizaci\u00f3n, no habr\u00e1 reembolso y la inscripci\u00f3n quedar\u00e1 vigente para la nueva fecha en la que se reprograme.<\/p>\n<p style=\"text-align: justify;\">4- En caso de que abandone la competencia estoy obligado a informarlo al comit\u00e9 organizador.<\/p>\n<p style=\"text-align: justify;\">5- Me comprometo a respetar los tiempos m\u00e1ximos de competencia establecidos por la organizaci\u00f3n, subi\u00e9ndome al transporte cuando el tiempo termine y el organizador as\u00ed lo considere.<\/p>\n<p style=\"text-align: justify;\">6- Autorizo sin limitaciones a cualquiera de las mencionadas anteriormente a que usen mi nombre, mi voz y\/o fotograf\u00eda\/video en cualquier transmisi\u00f3n, publicidad, promoci\u00f3n u otros reportajes sobre este evento.<\/p>\n<p style=\"text-align: justify;\">7- El comit\u00e9 organizador y\/o El Patrocinador no se hace responsable por da\u00f1os y\/o perdidas en los veh\u00edculos.<\/p>\n<p style=\"text-align: justify;\">8- La talla de camisa que se llena en el formulario es \u201csugerida\u201d y su disponibilidad depender\u00e1 de la antelaci\u00f3n con la que se retire el kit. No habr\u00e1 reembolso en el caso que, a la hora de retirar el kit, ya no se encuentre la talla deseada por el participante.<\/p>\n<p style=\"text-align: justify;\">En consideraci\u00f3n a todo lo expresado en el apartado anterior, por este medio exonero de toda responsabilidad, ya sea de naturaleza civil o penal, o de cualquier otra naturaleza a del comit\u00e9 organizador, staff de apoyo y\/o patrocinadores, a sus empleados, agentes o representantes, directores, accionistas, matriz, y empresas subsidiarias o afiliadas, con respecto a cualquier lesi\u00f3n, discapacidad temporal o permanente, muerte, o p\u00e9rdida o da\u00f1o a mi persona o propiedad, causado como consecuencia del evento as\u00ed como de cualquier perjuicio o da\u00f1o derivado del mismo.<\/p>\n<p style=\"text-align: justify;\">En caso de suceder cualquier incidente les autorizo a proveerme de asistencia m\u00e9dica y trasladarme a un centro asistencial ya sea este p\u00fablico o privado que en ese momento crean conveniente.<\/p>\n","protected":false},"excerpt":{"rendered":"<p>1- Declaro que participo en la Carrera LOTER\u00cdA RUN bajo mi propia responsabilidad e iniciativa, en tal sentido, reconozco y asumo cualquier consecuencia derivada de los riesgos y peligros eventuales, que a manera ejemplificativa y no limitativa implican: El riesgo de una lesi\u00f3n y\/o enfermedad, inclusive la posibilidad de una discapacidad permanente y muerte, a [&hellip;]<\/p>\n","protected":false},"author":2,"featured_media":0,"parent":0,"menu_order":0,"comment_status":"closed","ping_status":"closed","template":"","meta":{"_uf_show_specific_survey":0,"_uf_disable_surveys":false,"footnotes":""},"class_list":["post-59206","page","type-page","status-publish","hentry"],"jetpack_sharing_enabled":true,"_links":{"self":[{"href":"https:\/\/amiiwo.com\/store\/wp-json\/wp\/v2\/pages\/59206","targetHints":{"allow":["GET"]}}],"collection":[{"href":"https:\/\/amiiwo.com\/store\/wp-json\/wp\/v2\/pages"}],"about":[{"href":"https:\/\/amiiwo.com\/store\/wp-json\/wp\/v2\/types\/page"}],"author":[{"embeddable":true,"href":"https:\/\/amiiwo.com\/store\/wp-json\/wp\/v2\/users\/2"}],"replies":[{"embeddable":true,"href":"https:\/\/amiiwo.com\/store\/wp-json\/wp\/v2\/comments?post=59206"}],"version-history":[{"count":1,"href":"https:\/\/amiiwo.com\/store\/wp-json\/wp\/v2\/pages\/59206\/revisions"}],"predecessor-version":[{"id":59208,"href":"https:\/\/amiiwo.com\/store\/wp-json\/wp\/v2\/pages\/59206\/revisions\/59208"}],"wp:attachment":[{"href":"https:\/\/amiiwo.com\/store\/wp-json\/wp\/v2\/media?parent=59206"}],"curies":[{"name":"wp","href":"https:\/\/api.w.org\/{rel}","templated":true}]}}