{"id":66750,"date":"2025-01-10T14:09:51","date_gmt":"2025-01-10T20:09:51","guid":{"rendered":"https:\/\/amiiwo.com\/store\/?page_id=66750"},"modified":"2025-01-10T14:09:51","modified_gmt":"2025-01-10T20:09:51","slug":"deslinde-de-responsabilidad-5","status":"publish","type":"page","link":"https:\/\/amiiwo.com\/store\/deslinde-de-responsabilidad-5\/","title":{"rendered":"DESLINDE DE RESPONSABILIDAD"},"content":{"rendered":"<p><img data-recalc-dims=\"1\" fetchpriority=\"high\" decoding=\"async\" class=\"aligncenter wp-image-66745 size-full\" src=\"https:\/\/i0.wp.com\/amiiwo.com\/store\/wp-content\/uploads\/2025\/01\/t100terminos.jpg?resize=1170%2C214&#038;ssl=1\" alt=\"\" width=\"1170\" height=\"214\" srcset=\"https:\/\/i0.wp.com\/amiiwo.com\/store\/wp-content\/uploads\/2025\/01\/t100terminos.jpg?w=1469&amp;ssl=1 1469w, https:\/\/i0.wp.com\/amiiwo.com\/store\/wp-content\/uploads\/2025\/01\/t100terminos.jpg?resize=300%2C55&amp;ssl=1 300w, https:\/\/i0.wp.com\/amiiwo.com\/store\/wp-content\/uploads\/2025\/01\/t100terminos.jpg?resize=1024%2C188&amp;ssl=1 1024w, https:\/\/i0.wp.com\/amiiwo.com\/store\/wp-content\/uploads\/2025\/01\/t100terminos.jpg?resize=768%2C141&amp;ssl=1 768w, https:\/\/i0.wp.com\/amiiwo.com\/store\/wp-content\/uploads\/2025\/01\/t100terminos.jpg?resize=600%2C110&amp;ssl=1 600w, https:\/\/i0.wp.com\/amiiwo.com\/store\/wp-content\/uploads\/2025\/01\/t100terminos.jpg?resize=150%2C27&amp;ssl=1 150w\" sizes=\"(max-width: 1170px) 100vw, 1170px\" \/><\/p>\n<p style=\"text-align: justify;\">Por este medio exonero en mi propio nombre y en nombre de mis herederos y\/o ejecutores de cualquier responsabilidad a LA FEDERACION SALVADORE\u00d1A DE TRIATLON, patrocinadores y dem\u00e1s colaboradores en la organizaci\u00f3n de este evento respecto a cualquier lesi\u00f3n, discapacidad, muerte, perdida o da\u00f1os a mi persona o propiedad. Estoy consciente de los riesgos que implican dicha actividad y declaro que realizare la actividad bajo mi propia responsabilidad renunciando mis derechos de reclamo a LA FEDERACION SALVADORE\u00d1A DE TRIATLON, y representantes del evento. Doy fe que no tengo una prescripci\u00f3n m\u00e9dica que me impida participar y estoy en plena capacidad f\u00edsica y ps\u00edquica, adem\u00e1s de encontrarme medicamente apto y adecuadamente entrenado para la realizaci\u00f3n de la prueba. Autorizo a la organizaci\u00f3n a que me practiquen cualquier evaluaci\u00f3n o prueba medica que ellos consideren conveniente antes durante el evento.<\/p>\n<p style=\"text-align: justify;\">Asimismo, autorizo a los mencionados que utilicen mi nombre, voz y fotograf\u00eda en cualquier retransmisi\u00f3n, publicidad o reportaje que se publique de este evento. Me comprometo a cumplir las normas y los protocolos de bio-seguridad establecidos por la organizaci\u00f3n y a seguir las pautas generales de respecto a los dem\u00e1s y al medio ambiente.<\/p>\n<p style=\"text-align: justify;\">He le\u00eddo y entiendo en su totalidad los t\u00e9rminos expuestos del evento T100 NAJA UNTACAT, por lo que estoy de acuerdo y acepto libre y voluntariamente la presente declaraci\u00f3n.<\/p>\n","protected":false},"excerpt":{"rendered":"<p>Por este medio exonero en mi propio nombre y en nombre de mis herederos y\/o ejecutores de cualquier responsabilidad a LA FEDERACION SALVADORE\u00d1A DE TRIATLON, patrocinadores y dem\u00e1s colaboradores en la organizaci\u00f3n de este evento respecto a cualquier lesi\u00f3n, discapacidad, muerte, perdida o da\u00f1os a mi persona o propiedad. Estoy consciente de los riesgos que [&hellip;]<\/p>\n","protected":false},"author":2,"featured_media":0,"parent":0,"menu_order":0,"comment_status":"closed","ping_status":"closed","template":"","meta":{"_uf_show_specific_survey":0,"_uf_disable_surveys":false,"footnotes":""},"class_list":["post-66750","page","type-page","status-publish","hentry"],"jetpack_sharing_enabled":true,"_links":{"self":[{"href":"https:\/\/amiiwo.com\/store\/wp-json\/wp\/v2\/pages\/66750","targetHints":{"allow":["GET"]}}],"collection":[{"href":"https:\/\/amiiwo.com\/store\/wp-json\/wp\/v2\/pages"}],"about":[{"href":"https:\/\/amiiwo.com\/store\/wp-json\/wp\/v2\/types\/page"}],"author":[{"embeddable":true,"href":"https:\/\/amiiwo.com\/store\/wp-json\/wp\/v2\/users\/2"}],"replies":[{"embeddable":true,"href":"https:\/\/amiiwo.com\/store\/wp-json\/wp\/v2\/comments?post=66750"}],"version-history":[{"count":1,"href":"https:\/\/amiiwo.com\/store\/wp-json\/wp\/v2\/pages\/66750\/revisions"}],"predecessor-version":[{"id":66753,"href":"https:\/\/amiiwo.com\/store\/wp-json\/wp\/v2\/pages\/66750\/revisions\/66753"}],"wp:attachment":[{"href":"https:\/\/amiiwo.com\/store\/wp-json\/wp\/v2\/media?parent=66750"}],"curies":[{"name":"wp","href":"https:\/\/api.w.org\/{rel}","templated":true}]}}