{"id":67195,"date":"2025-01-17T13:31:11","date_gmt":"2025-01-17T19:31:11","guid":{"rendered":"https:\/\/amiiwo.com\/store\/?page_id=67195"},"modified":"2025-04-22T12:57:14","modified_gmt":"2025-04-22T18:57:14","slug":"deslinde-de-responsabilidad-peloton","status":"publish","type":"page","link":"https:\/\/amiiwo.com\/store\/deslinde-de-responsabilidad-peloton\/","title":{"rendered":"DESLINDE DE RESPONSABILIDAD &#8211; PELOT\u00d3N"},"content":{"rendered":"<p>&nbsp;<\/p>\n<p>&nbsp;<\/p>\n<p style=\"text-align: justify;\"><img data-recalc-dims=\"1\" fetchpriority=\"high\" decoding=\"async\" class=\"aligncenter wp-image-71006 size-full\" src=\"https:\/\/i0.wp.com\/amiiwo.com\/store\/wp-content\/uploads\/2025\/04\/ffff-scaled.jpg?resize=1170%2C214&#038;ssl=1\" alt=\"\" width=\"1170\" height=\"214\" srcset=\"https:\/\/i0.wp.com\/amiiwo.com\/store\/wp-content\/uploads\/2025\/04\/ffff-scaled.jpg?w=2560&amp;ssl=1 2560w, https:\/\/i0.wp.com\/amiiwo.com\/store\/wp-content\/uploads\/2025\/04\/ffff-scaled.jpg?resize=300%2C55&amp;ssl=1 300w, https:\/\/i0.wp.com\/amiiwo.com\/store\/wp-content\/uploads\/2025\/04\/ffff-scaled.jpg?resize=1024%2C188&amp;ssl=1 1024w, https:\/\/i0.wp.com\/amiiwo.com\/store\/wp-content\/uploads\/2025\/04\/ffff-scaled.jpg?resize=768%2C141&amp;ssl=1 768w, https:\/\/i0.wp.com\/amiiwo.com\/store\/wp-content\/uploads\/2025\/04\/ffff-scaled.jpg?resize=1536%2C281&amp;ssl=1 1536w, https:\/\/i0.wp.com\/amiiwo.com\/store\/wp-content\/uploads\/2025\/04\/ffff-scaled.jpg?resize=2048%2C375&amp;ssl=1 2048w, https:\/\/i0.wp.com\/amiiwo.com\/store\/wp-content\/uploads\/2025\/04\/ffff-scaled.jpg?resize=600%2C110&amp;ssl=1 600w, https:\/\/i0.wp.com\/amiiwo.com\/store\/wp-content\/uploads\/2025\/04\/ffff-scaled.jpg?resize=150%2C27&amp;ssl=1 150w, https:\/\/i0.wp.com\/amiiwo.com\/store\/wp-content\/uploads\/2025\/04\/ffff-scaled.jpg?w=2340&amp;ssl=1 2340w\" sizes=\"(max-width: 1170px) 100vw, 1170px\" \/>Por este medio exonero en mi propio nombre y en nombre de mis herederos y\/o ejecutores de cualquier responsabilidad a pelot\u00f3n eventos, patrocinadores y dem\u00e1s colaboradores en la organizaci\u00f3n de este evento respecto a cualquier lesi\u00f3n, discapacidad, muerte, perdida o da\u00f1os a mi persona o propiedad. Estoy consciente de los riesgos que implican dicha actividad y declaro que realizare la actividad bajo mi propia responsabilidad. Doy fe que no tengo una prescripci\u00f3n m\u00e9dica que me impida participar y estoy adecuadamente entrenado para la realizaci\u00f3n de la prueba. Me comprometo a cumplir las normas y los protocolos de bio-seguridad establecidos por la organizaci\u00f3n y a seguir las pautas generales de respeto a los dem\u00e1s y al medio ambiente.<\/p>\n<p style=\"text-align: justify;\">He le\u00eddo y entiendo en su totalidad los t\u00e9rminos expuestos del evento IRON RACE MTB Por lo que estoy de acuerdo y acepto libre y voluntariamente la presente declaraci\u00f3n.<img data-recalc-dims=\"1\" decoding=\"async\" class=\"aligncenter wp-image-71005 size-full\" src=\"https:\/\/i0.wp.com\/amiiwo.com\/store\/wp-content\/uploads\/2025\/04\/qqq-scaled.jpg?resize=1170%2C214&#038;ssl=1\" alt=\"\" width=\"1170\" height=\"214\" srcset=\"https:\/\/i0.wp.com\/amiiwo.com\/store\/wp-content\/uploads\/2025\/04\/qqq-scaled.jpg?w=2560&amp;ssl=1 2560w, https:\/\/i0.wp.com\/amiiwo.com\/store\/wp-content\/uploads\/2025\/04\/qqq-scaled.jpg?resize=300%2C55&amp;ssl=1 300w, https:\/\/i0.wp.com\/amiiwo.com\/store\/wp-content\/uploads\/2025\/04\/qqq-scaled.jpg?resize=1024%2C188&amp;ssl=1 1024w, https:\/\/i0.wp.com\/amiiwo.com\/store\/wp-content\/uploads\/2025\/04\/qqq-scaled.jpg?resize=768%2C141&amp;ssl=1 768w, https:\/\/i0.wp.com\/amiiwo.com\/store\/wp-content\/uploads\/2025\/04\/qqq-scaled.jpg?resize=1536%2C281&amp;ssl=1 1536w, https:\/\/i0.wp.com\/amiiwo.com\/store\/wp-content\/uploads\/2025\/04\/qqq-scaled.jpg?resize=2048%2C375&amp;ssl=1 2048w, https:\/\/i0.wp.com\/amiiwo.com\/store\/wp-content\/uploads\/2025\/04\/qqq-scaled.jpg?resize=600%2C110&amp;ssl=1 600w, https:\/\/i0.wp.com\/amiiwo.com\/store\/wp-content\/uploads\/2025\/04\/qqq-scaled.jpg?resize=150%2C27&amp;ssl=1 150w, https:\/\/i0.wp.com\/amiiwo.com\/store\/wp-content\/uploads\/2025\/04\/qqq-scaled.jpg?w=2340&amp;ssl=1 2340w\" sizes=\"(max-width: 1170px) 100vw, 1170px\" \/><\/p>\n","protected":false},"excerpt":{"rendered":"<p>&nbsp; &nbsp; Por este medio exonero en mi propio nombre y en nombre de mis herederos y\/o ejecutores de cualquier responsabilidad a pelot\u00f3n eventos, patrocinadores y dem\u00e1s colaboradores en la organizaci\u00f3n de este evento respecto a cualquier lesi\u00f3n, discapacidad, muerte, perdida o da\u00f1os a mi persona o propiedad. Estoy consciente de los riesgos que implican [&hellip;]<\/p>\n","protected":false},"author":2,"featured_media":0,"parent":0,"menu_order":0,"comment_status":"closed","ping_status":"closed","template":"","meta":{"_uf_show_specific_survey":0,"_uf_disable_surveys":false,"footnotes":""},"class_list":["post-67195","page","type-page","status-publish","hentry"],"jetpack_sharing_enabled":true,"_links":{"self":[{"href":"https:\/\/amiiwo.com\/store\/wp-json\/wp\/v2\/pages\/67195","targetHints":{"allow":["GET"]}}],"collection":[{"href":"https:\/\/amiiwo.com\/store\/wp-json\/wp\/v2\/pages"}],"about":[{"href":"https:\/\/amiiwo.com\/store\/wp-json\/wp\/v2\/types\/page"}],"author":[{"embeddable":true,"href":"https:\/\/amiiwo.com\/store\/wp-json\/wp\/v2\/users\/2"}],"replies":[{"embeddable":true,"href":"https:\/\/amiiwo.com\/store\/wp-json\/wp\/v2\/comments?post=67195"}],"version-history":[{"count":4,"href":"https:\/\/amiiwo.com\/store\/wp-json\/wp\/v2\/pages\/67195\/revisions"}],"predecessor-version":[{"id":71026,"href":"https:\/\/amiiwo.com\/store\/wp-json\/wp\/v2\/pages\/67195\/revisions\/71026"}],"wp:attachment":[{"href":"https:\/\/amiiwo.com\/store\/wp-json\/wp\/v2\/media?parent=67195"}],"curies":[{"name":"wp","href":"https:\/\/api.w.org\/{rel}","templated":true}]}}