{"id":74107,"date":"2025-06-11T13:12:07","date_gmt":"2025-06-11T19:12:07","guid":{"rendered":"https:\/\/amiiwo.com\/store\/?page_id=74107"},"modified":"2025-08-19T10:39:06","modified_gmt":"2025-08-19T16:39:06","slug":"terminos-de-responsabilidad-gran-fondo-el-salvador","status":"publish","type":"page","link":"https:\/\/amiiwo.com\/store\/terminos-de-responsabilidad-gran-fondo-el-salvador\/","title":{"rendered":"T\u00c9RMINOS DE RESPONSABILIDAD CAMPEONATO GRAN FONDO EL SALVADOR"},"content":{"rendered":"<p><img data-recalc-dims=\"1\" fetchpriority=\"high\" decoding=\"async\" class=\"aligncenter wp-image-78381 size-full\" src=\"https:\/\/i0.wp.com\/amiiwo.com\/store\/wp-content\/uploads\/2025\/06\/Imagen5.png?resize=1170%2C217&#038;ssl=1\" alt=\"\" width=\"1170\" height=\"217\" srcset=\"https:\/\/i0.wp.com\/amiiwo.com\/store\/wp-content\/uploads\/2025\/06\/Imagen5.png?w=2251&amp;ssl=1 2251w, https:\/\/i0.wp.com\/amiiwo.com\/store\/wp-content\/uploads\/2025\/06\/Imagen5.png?resize=300%2C56&amp;ssl=1 300w, https:\/\/i0.wp.com\/amiiwo.com\/store\/wp-content\/uploads\/2025\/06\/Imagen5.png?resize=1024%2C190&amp;ssl=1 1024w, https:\/\/i0.wp.com\/amiiwo.com\/store\/wp-content\/uploads\/2025\/06\/Imagen5.png?resize=768%2C142&amp;ssl=1 768w, https:\/\/i0.wp.com\/amiiwo.com\/store\/wp-content\/uploads\/2025\/06\/Imagen5.png?resize=1536%2C285&amp;ssl=1 1536w, https:\/\/i0.wp.com\/amiiwo.com\/store\/wp-content\/uploads\/2025\/06\/Imagen5.png?resize=2048%2C379&amp;ssl=1 2048w, https:\/\/i0.wp.com\/amiiwo.com\/store\/wp-content\/uploads\/2025\/06\/Imagen5.png?resize=600%2C111&amp;ssl=1 600w, https:\/\/i0.wp.com\/amiiwo.com\/store\/wp-content\/uploads\/2025\/06\/Imagen5.png?resize=150%2C28&amp;ssl=1 150w\" sizes=\"(max-width: 1170px) 100vw, 1170px\" \/><\/p>\n<p style=\"text-align: justify;\">Por este medio exonero en mi propio nombre y en nombre de mis herederos y\/o ejecutores de cualquier responsabilidad a pelot\u00f3n eventos, patrocinadores y dem\u00e1s colaboradores en la organizaci\u00f3n de este evento respecto a cualquier lesi\u00f3n, discapacidad, muerte, perdida o da\u00f1os a mi persona o propiedad. Estoy consciente de los riesgos que implican dicha actividad y declaro que realizare la actividad bajo mi propia responsabilidad. Doy fe que no tengo una prescripci\u00f3n m\u00e9dica que me impida participar y estoy adecuadamente entrenado para la realizaci\u00f3n de la prueba. Me comprometo a cumplir las normas y los protocolos de bio-seguridad establecidos por la organizaci\u00f3n y a seguir las pautas generales de respeto a los dem\u00e1s y al medio ambiente.<\/p>\n<p style=\"text-align: justify;\">He le\u00eddo y entiendo en su totalidad los t\u00e9rminos expuestos del evento GRAN FONDO EL SALVADOR Por lo que estoy de acuerdo y acepto libre y voluntariamente la presente declaraci\u00f3n.<\/p>\n","protected":false},"excerpt":{"rendered":"<p>Por este medio exonero en mi propio nombre y en nombre de mis herederos y\/o ejecutores de cualquier responsabilidad a pelot\u00f3n eventos, patrocinadores y dem\u00e1s colaboradores en la organizaci\u00f3n de este evento respecto a cualquier lesi\u00f3n, discapacidad, muerte, perdida o da\u00f1os a mi persona o propiedad. Estoy consciente de los riesgos que implican dicha actividad [&hellip;]<\/p>\n","protected":false},"author":2,"featured_media":0,"parent":0,"menu_order":0,"comment_status":"closed","ping_status":"closed","template":"","meta":{"_uf_show_specific_survey":0,"_uf_disable_surveys":false,"footnotes":""},"class_list":["post-74107","page","type-page","status-publish","hentry"],"jetpack_sharing_enabled":true,"_links":{"self":[{"href":"https:\/\/amiiwo.com\/store\/wp-json\/wp\/v2\/pages\/74107","targetHints":{"allow":["GET"]}}],"collection":[{"href":"https:\/\/amiiwo.com\/store\/wp-json\/wp\/v2\/pages"}],"about":[{"href":"https:\/\/amiiwo.com\/store\/wp-json\/wp\/v2\/types\/page"}],"author":[{"embeddable":true,"href":"https:\/\/amiiwo.com\/store\/wp-json\/wp\/v2\/users\/2"}],"replies":[{"embeddable":true,"href":"https:\/\/amiiwo.com\/store\/wp-json\/wp\/v2\/comments?post=74107"}],"version-history":[{"count":4,"href":"https:\/\/amiiwo.com\/store\/wp-json\/wp\/v2\/pages\/74107\/revisions"}],"predecessor-version":[{"id":78413,"href":"https:\/\/amiiwo.com\/store\/wp-json\/wp\/v2\/pages\/74107\/revisions\/78413"}],"wp:attachment":[{"href":"https:\/\/amiiwo.com\/store\/wp-json\/wp\/v2\/media?parent=74107"}],"curies":[{"name":"wp","href":"https:\/\/api.w.org\/{rel}","templated":true}]}}