{"id":87552,"date":"2025-12-04T09:35:06","date_gmt":"2025-12-04T15:35:06","guid":{"rendered":"https:\/\/amiiwo.com\/store\/?post_type=product&#038;p=87552"},"modified":"2026-04-19T02:44:00","modified_gmt":"2026-04-19T08:44:00","slug":"la-cordillera-challenge","status":"publish","type":"product","link":"https:\/\/amiiwo.com\/store\/product\/la-cordillera-challenge\/","title":{"rendered":"LA CORDILLERA CHALLENGE"},"content":{"rendered":"","protected":false},"excerpt":{"rendered":"<p><a href=\"https:\/\/amiiwo.com\/store\/product\/la-cordillera-challenge-eng\/\">LA CORDILLERA CHALLENGE &#8211; ENG<\/a><\/p>\n<p style=\"text-align: justify;\">El recorrido de 130KM con m\u00e1s de 6,300 metros de desnivel positivo ya es uno de los desaf\u00edos m\u00e1s grandes de trail running en Centroam\u00e9rica, combinando lo mejor que nos puede ofrecer la madre naturaleza, entre paisajes, bosques nebulosos, volcanes, lagunas, ausoles, r\u00edos, cascada\u2026 y mucho m\u00e1s, en donde experimentar\u00e1n una variedad de microclimas. M\u00e1s que una carrera, un desaf\u00edo sin igual, que ser\u00e1 apto s\u00f3lo para los m\u00e1s fuertes.<\/p>\n<p style=\"text-align: justify;\"><strong>GENERALIDADES:<\/strong><\/p>\n<ul style=\"text-align: justify;\">\n<li><strong>Fecha: <\/strong>6, 7 y 8 de NOVIEMBRE, 2026<\/li>\n<li><strong>Salida: <\/strong>Los Pinos Vista al Lago<\/li>\n<li><strong>Ubicaci\u00f3n: <\/strong><a href=\"https:\/\/maps.app.goo.gl\/jRxamoGY7chk2Az18\">https:\/\/maps.app.goo.gl\/jRxamoGY7chk2Az18<\/a><\/li>\n<li><strong>Meta:<\/strong> Barra de Santiago<\/li>\n<li><strong>Ubicaci\u00f3n: <\/strong><a href=\"https:\/\/maps.app.goo.gl\/obktZWJQVcNU9Sf1A\">https:\/\/maps.app.goo.gl\/obktZWJQVcNU9Sf1A<\/a><\/li>\n<li><strong>Distancias:<\/strong>\n<ul>\n<li>130KM \/ 3 D\u00edas \/ D+ 6,300<\/li>\n<\/ul>\n<\/li>\n<\/ul>\n<p style=\"text-align: justify;\"><strong>PRECIOS:<\/strong><\/p>\n<ul style=\"text-align: justify;\">\n<li>LA CORDILLERA CHALLENGE: $925.00<\/li>\n<\/ul>\n<p style=\"text-align: justify;\"><strong>+ info: <a href=\"https:\/\/lacordillerachallenge.com\/\">https:\/\/lacordillerachallenge.com\/<\/a><\/strong><\/p>\n","protected":false},"featured_media":87558,"comment_status":"closed","ping_status":"closed","template":"","meta":{"_uf_show_specific_survey":0,"_uf_disable_surveys":false},"product_brand":[],"product_cat":[157],"product_tag":[],"class_list":{"0":"post-87552","1":"product","2":"type-product","3":"status-publish","4":"has-post-thumbnail","6":"product_cat-trail","7":"tm-no-options","9":"first","10":"instock","11":"sold-individually","12":"taxable","13":"shipping-taxable","14":"purchasable","15":"product-type-simple"},"jetpack_sharing_enabled":true,"_links":{"self":[{"href":"https:\/\/amiiwo.com\/store\/wp-json\/wp\/v2\/product\/87552","targetHints":{"allow":["GET"]}}],"collection":[{"href":"https:\/\/amiiwo.com\/store\/wp-json\/wp\/v2\/product"}],"about":[{"href":"https:\/\/amiiwo.com\/store\/wp-json\/wp\/v2\/types\/product"}],"replies":[{"embeddable":true,"href":"https:\/\/amiiwo.com\/store\/wp-json\/wp\/v2\/comments?post=87552"}],"wp:featuredmedia":[{"embeddable":true,"href":"https:\/\/amiiwo.com\/store\/wp-json\/wp\/v2\/media\/87558"}],"wp:attachment":[{"href":"https:\/\/amiiwo.com\/store\/wp-json\/wp\/v2\/media?parent=87552"}],"wp:term":[{"taxonomy":"product_brand","embeddable":true,"href":"https:\/\/amiiwo.com\/store\/wp-json\/wp\/v2\/product_brand?post=87552"},{"taxonomy":"product_cat","embeddable":true,"href":"https:\/\/amiiwo.com\/store\/wp-json\/wp\/v2\/product_cat?post=87552"},{"taxonomy":"product_tag","embeddable":true,"href":"https:\/\/amiiwo.com\/store\/wp-json\/wp\/v2\/product_tag?post=87552"}],"curies":[{"name":"wp","href":"https:\/\/api.w.org\/{rel}","templated":true}]}}