{"id":90022,"date":"2026-03-02T20:31:59","date_gmt":"2026-03-03T02:31:59","guid":{"rendered":"https:\/\/amiiwo.com\/store\/?post_type=product&#038;p=90022"},"modified":"2026-03-30T13:14:03","modified_gmt":"2026-03-30T19:14:03","slug":"una-carrera-con-huevos-2026","status":"publish","type":"product","link":"https:\/\/amiiwo.com\/store\/product\/una-carrera-con-huevos-2026\/","title":{"rendered":"UNA CARRERA CON HUEVOS 2026"},"content":{"rendered":"","protected":false},"excerpt":{"rendered":"<p style=\"text-align: justify;\">El 19 de Abril vamos a ponerle huevos en una gran carrera y podr\u00e1s elegir 1K Infantil, 3K General y Mascotas, 6K General y 12K General.<\/p>\n<p style=\"text-align: justify;\"><strong>DATOS GENERALES:<\/strong><\/p>\n<ul>\n<li><strong>Fecha: <\/strong>Domingo 19 de abril de 2026<\/li>\n<li><strong>Hora: <\/strong>6:30 a.m.<\/li>\n<li><strong>Lugar: <\/strong>AVES Santa Elena<\/li>\n<li><strong>Precio: <\/strong>$21.00 (M\u00e1s cargo de boleter\u00eda)<\/li>\n<li><strong>Distancias \/ Hora de salida<\/strong>\n<ul>\n<li><del>1K INFANTIL \/ 6:40 am<\/del><span style=\"color: #ff0000;\"> (AGOTADO)<\/span><\/li>\n<li><del>3K GENERAL\u00a0 \/ 6:30 am <\/del><span style=\"color: #ff0000;\">(AGOTADO)<\/span><\/li>\n<li><del>3K MASCOTAS \/ 6:30 am <\/del><span style=\"color: #ff0000;\">(AGOTADO)<\/span><\/li>\n<li><del>6K GENERAL\u00a0 \/ 6:30 am <\/del><span style=\"color: #ff0000;\">(AGOTADO)<\/span><\/li>\n<li><del>12K GENERAL \/ 6:30 am <\/del><span style=\"color: #ff0000;\">(AGOTADO)<\/span><\/li>\n<\/ul>\n<\/li>\n<li><strong>Rutas:<\/strong><br \/>\n1K: <a href=\"https:\/\/www.plotaroute.com\/route\/2570141?units=km\">https:\/\/www.plotaroute.com\/route\/2570141?units=km<\/a><br \/>\n3K: <a href=\"https:\/\/www.plotaroute.com\/route\/2570145?units=km\">https:\/\/www.plotaroute.com\/route\/2570145?units=km<\/a><br \/>\n6K: <a href=\"https:\/\/www.plotaroute.com\/route\/2570149?units=km\">https:\/\/www.plotaroute.com\/route\/2570149?units=km<\/a><br \/>\n12K: <a href=\"https:\/\/www.plotaroute.com\/route\/2570151?units=km\">https:\/\/www.plotaroute.com\/route\/2570151?units=km<\/a><\/li>\n<\/ul>\n<p style=\"text-align: justify;\"><strong>Kit incluye:<\/strong> Camisa Headsweats Ultra Performance, Gymbag, N\u00famero en Tyvek, Chip de Cronometraje Electr\u00f3nico MyLaps, Toper con 4 pack de Huevos, Aplicaci\u00f3n RunnerTag de MyLaps para fotos y, Medalla de 4 pulgadas con colores y list\u00f3n sublimado a doble cara.<\/p>\n<ul>\n<li><strong>Entrega de Kits:<\/strong>\n<ul>\n<li>\n<p style=\"text-align: justify;\">Para retirar tu kit de la carrera lo \u00fanico que tienes que hacer es presentarte con este correo impreso o en DIGITAL junto con tu documento (DUI o Pasaporte) en GALAXIA DEPORTES, LAS CASCADAS, PLAZA SOHO los d\u00edas 17 de Abril de 10:00 a.m. a 5:00 p.m., y 18 de Abril de 10:00 a.m. a 5:00 p.m.<\/p>\n<\/li>\n<\/ul>\n<\/li>\n<\/ul>\n","protected":false},"featured_media":90027,"comment_status":"closed","ping_status":"closed","template":"","meta":{"_uf_show_specific_survey":0,"_uf_disable_surveys":false},"product_brand":[],"product_cat":[156],"product_tag":[],"class_list":{"0":"post-90022","1":"product","2":"type-product","3":"status-publish","4":"has-post-thumbnail","6":"product_cat-asfalto","7":"tm-no-options","9":"first","10":"outofstock","11":"sold-individually","12":"taxable","13":"shipping-taxable","14":"product-type-variable"},"jetpack_sharing_enabled":true,"_links":{"self":[{"href":"https:\/\/amiiwo.com\/store\/wp-json\/wp\/v2\/product\/90022","targetHints":{"allow":["GET"]}}],"collection":[{"href":"https:\/\/amiiwo.com\/store\/wp-json\/wp\/v2\/product"}],"about":[{"href":"https:\/\/amiiwo.com\/store\/wp-json\/wp\/v2\/types\/product"}],"replies":[{"embeddable":true,"href":"https:\/\/amiiwo.com\/store\/wp-json\/wp\/v2\/comments?post=90022"}],"wp:featuredmedia":[{"embeddable":true,"href":"https:\/\/amiiwo.com\/store\/wp-json\/wp\/v2\/media\/90027"}],"wp:attachment":[{"href":"https:\/\/amiiwo.com\/store\/wp-json\/wp\/v2\/media?parent=90022"}],"wp:term":[{"taxonomy":"product_brand","embeddable":true,"href":"https:\/\/amiiwo.com\/store\/wp-json\/wp\/v2\/product_brand?post=90022"},{"taxonomy":"product_cat","embeddable":true,"href":"https:\/\/amiiwo.com\/store\/wp-json\/wp\/v2\/product_cat?post=90022"},{"taxonomy":"product_tag","embeddable":true,"href":"https:\/\/amiiwo.com\/store\/wp-json\/wp\/v2\/product_tag?post=90022"}],"curies":[{"name":"wp","href":"https:\/\/api.w.org\/{rel}","templated":true}]}}