{"id":90096,"date":"2026-03-04T18:15:13","date_gmt":"2026-03-05T00:15:13","guid":{"rendered":"https:\/\/amiiwo.com\/store\/?post_type=product&#038;p=90096"},"modified":"2026-03-05T08:39:26","modified_gmt":"2026-03-05T14:39:26","slug":"t100-naja-untacat-costa-del-sol-el-salvador-2026","status":"publish","type":"product","link":"https:\/\/amiiwo.com\/store\/product\/t100-naja-untacat-costa-del-sol-el-salvador-2026\/","title":{"rendered":"T100 NAJA UNTACAT COSTA DEL SOL, EL SALVADOR 2026."},"content":{"rendered":"","protected":false},"excerpt":{"rendered":"<p style=\"text-align: justify;\">La playa Costa del Sol es una joya natural ubicada en el departamento de La Paz, en la zona central de El Salvador.<\/p>\n<p>A diferencia de las formaciones rocosas y farallones que caracterizan las playas del oriente y el occidente del pa\u00eds, esta \u00e1rea est\u00e1 rodeada por un hermoso valle, en el que es f\u00e1cil divisar algunos de los m\u00e1s hermosos y majestuosos volcanes salvadore\u00f1os, a cuyos pies hay mares de ondulantes ca\u00f1ales y otros cultivos locales.<\/p>\n<p>La Costa del Sol ofrece al visitante una\u00a0 perfecta combinaci\u00f3n de atractivos que la hacen un destino de playa de clase mundial.\u00a0 Si buscas un lugar para disfrutar del sol desde el amanecer al atardecer, una interminable playa de arena blanca, todo tipo de alojamientos, un muestra amplia de la cocina salvadore\u00f1a e internacional, y los atractivos adicionales de estar rodeado por un inmenso estero navegable y olas para practicar buen surf, esta debe ser tu elecci\u00f3n.<\/p>\n<p>Esta playa tiene 15 kil\u00f3metros de longitud, y en cuanto a la pr\u00e1ctica del surf se caracteriza por los bancos de arena que se forman en toda la zona de rompiente; los cuales generan olas r\u00e1pidas, que quiebran tanto a la derecha como a la izquierda, usualmente tubulares, y verdaderamente retadoras cuando sopla un poco de viento del norte, lo que eleva sus crestas y aumenta el tama\u00f1o de la pared para maniobrar, la cual llega a alcanzar hasta 9 pies de altura (3 metros).<\/p>\n<ul>\n<li><strong>La Costa del Sol a 55 minutos de San Salvador y 45 del Aeropuerto de Comalapa, ser\u00e1 sede del T 100 NAJA UNTACAT. <\/strong><\/li>\n<\/ul>\n<p style=\"text-align: justify;\"><strong>DETALLES DE CARRERA:<\/strong><\/p>\n<ul>\n<li><strong>Fecha: <\/strong>S\u00e1bado 30 de mayo, 2026.<\/li>\n<li><strong>Lugar de Meta:<\/strong> Costa del Sol, Hotel Pacific Paradise.<\/li>\n<li><strong>Precio de inscripci\u00f3n:<\/strong> $100.00<\/li>\n<li><strong>Distancias: <\/strong>\n<ul>\n<li><strong>1.2 kilometro de nataci\u00f3n, Estero de Jaltepeque <\/strong><\/li>\n<li><strong>88 kms de ciclismo en el boulevard Costa del Sol<\/strong><\/li>\n<li><strong>11 kms de carrera pedestre en el boulevard Costa del Sol<\/strong><\/li>\n<\/ul>\n<\/li>\n<li><strong>Descargar recorrido: <a href=\"https:\/\/amiiwo.com\/store\/wp-content\/uploads\/2026\/03\/RECORRIDOS.pdf\">RECORRIDOS.PDF<\/a><\/strong><\/li>\n<li><strong>Categor\u00edas a competir:<\/strong>\n<ul>\n<li>18-24<\/li>\n<li>25-29<\/li>\n<li>30-34<\/li>\n<li>35-39<\/li>\n<li>40-44<\/li>\n<li>45-49<\/li>\n<li>50-54<\/li>\n<li>55-59<\/li>\n<li>60 a\u00f1os a mas<\/li>\n<li>Femenino 29 a\u00f1os<\/li>\n<li>Femenino 30-39<\/li>\n<li>Femenino 40-49<\/li>\n<li>Femenino 50 a\u00f1os a mas<\/li>\n<li>Relevos 2 personas ($200.00)<\/li>\n<li>Relevos 3 personas ($300.00)<\/li>\n<\/ul>\n<\/li>\n<li><strong>Inscripci\u00f3n: <\/strong>$100.00 mas gastos de boleter\u00eda.<\/li>\n<\/ul>\n<p><strong>KIT INCLUYE: <\/strong><\/p>\n<ul>\n<li style=\"list-style-type: none;\">\n<ul>\n<li>Camiseta alusiva al evento<\/li>\n<li>Medalla finisher<\/li>\n<li>N\u00famero dorsal<\/li>\n<li>Sistema de cronometraje con chip electr\u00f3nico MyLaps<\/li>\n<li>Hidrataci\u00f3n en recorrido<\/li>\n<li>Se\u00f1alizaci\u00f3n y orientaci\u00f3n en recorrido<\/li>\n<li>Refrigerio al finalizar el evento<\/li>\n<li>Asistencia m\u00e9dica<\/li>\n<li>Otros<\/li>\n<\/ul>\n<\/li>\n<\/ul>\n<p><strong>Tiendas autorizadas venta offline:<\/strong><\/p>\n<ul>\n<li>AC Sports (San Salvador).<\/li>\n<li>Oficinas administrativas de LA FEDERACION SALVADORE\u00d1A DE TRIATLON, en Santa Ana. Final 8 calle poniente 78 50 mts antes de llegar a INDES SANTA ANA, FINCA MODELO.<\/li>\n<\/ul>\n<p><strong>Para reservas en el hotel Pacific Paradise (Con precio preferencial):<\/strong><\/p>\n<ul>\n<li>Fredy Campos e Ingrid Jazm\u00edn Flores<\/li>\n<li><strong>Tel\u00e9fono:<\/strong> +503 7747-7302<\/li>\n<\/ul>\n","protected":false},"featured_media":90099,"comment_status":"closed","ping_status":"closed","template":"","meta":{"_uf_show_specific_survey":0,"_uf_disable_surveys":false},"product_brand":[],"product_cat":[158],"product_tag":[],"class_list":{"0":"post-90096","1":"product","2":"type-product","3":"status-publish","4":"has-post-thumbnail","6":"product_cat-triatlon","7":"tm-no-options","9":"first","10":"instock","11":"sold-individually","12":"taxable","13":"shipping-taxable","14":"purchasable","15":"product-type-variable"},"jetpack_sharing_enabled":true,"_links":{"self":[{"href":"https:\/\/amiiwo.com\/store\/wp-json\/wp\/v2\/product\/90096","targetHints":{"allow":["GET"]}}],"collection":[{"href":"https:\/\/amiiwo.com\/store\/wp-json\/wp\/v2\/product"}],"about":[{"href":"https:\/\/amiiwo.com\/store\/wp-json\/wp\/v2\/types\/product"}],"replies":[{"embeddable":true,"href":"https:\/\/amiiwo.com\/store\/wp-json\/wp\/v2\/comments?post=90096"}],"wp:featuredmedia":[{"embeddable":true,"href":"https:\/\/amiiwo.com\/store\/wp-json\/wp\/v2\/media\/90099"}],"wp:attachment":[{"href":"https:\/\/amiiwo.com\/store\/wp-json\/wp\/v2\/media?parent=90096"}],"wp:term":[{"taxonomy":"product_brand","embeddable":true,"href":"https:\/\/amiiwo.com\/store\/wp-json\/wp\/v2\/product_brand?post=90096"},{"taxonomy":"product_cat","embeddable":true,"href":"https:\/\/amiiwo.com\/store\/wp-json\/wp\/v2\/product_cat?post=90096"},{"taxonomy":"product_tag","embeddable":true,"href":"https:\/\/amiiwo.com\/store\/wp-json\/wp\/v2\/product_tag?post=90096"}],"curies":[{"name":"wp","href":"https:\/\/api.w.org\/{rel}","templated":true}]}}