{"id":90478,"date":"2026-03-17T11:51:02","date_gmt":"2026-03-17T17:51:02","guid":{"rendered":"https:\/\/amiiwo.com\/store\/?post_type=product&#038;p=90478"},"modified":"2026-04-21T08:08:46","modified_gmt":"2026-04-21T14:08:46","slug":"5ta-edicion-21k-santa-ana","status":"publish","type":"product","link":"https:\/\/amiiwo.com\/store\/product\/5ta-edicion-21k-santa-ana\/","title":{"rendered":"5TA EDICI\u00d3N 21K SANTA ANA"},"content":{"rendered":"","protected":false},"excerpt":{"rendered":"<p style=\"text-align: justify;\">La fiesta ser\u00e1 en Santa Ana, 5ta Edici\u00f3n 21k Santa Ana.<br \/>\n\u00a1Vive la emoci\u00f3n del running en la ciudad morena con el 21K Santa Ana.<\/p>\n<p style=\"text-align: justify;\">Una experiencia \u00fanica para corredores de verdad.<br \/>\nCorre por las calles de Santa Ana, una ciudad llena de historia, energ\u00eda y pasi\u00f3n por el deporte.<\/p>\n<p style=\"text-align: justify;\"><strong>DATOS GENERALES:<\/strong><\/p>\n<ul style=\"text-align: justify;\">\n<li><strong>Fecha:<\/strong> Domingo 12 de Julio.<\/li>\n<li><strong>Lugar:<\/strong> Metrocentro Santa Ana.<\/li>\n<li><strong>Hora<\/strong>: 5:30 a.m.<\/li>\n<li><strong>Precio: <\/strong>$20.00<\/li>\n<li><strong>Distancias \/ Categor\u00eda<\/strong>\n<ul>\n<li>10 K \/General<\/li>\n<li>21K \/ General<\/li>\n<li>21K \/ M\u00e1ster A (40 a 49 a\u00f1os)<\/li>\n<li>21K \/ M\u00e1ster B (50 a 59 a\u00f1os)<\/li>\n<li>21K \/ M\u00e1ster C (50 a\u00f1os en adelante)<\/li>\n<\/ul>\n<\/li>\n<\/ul>\n<p><strong>Kit incluye:<\/strong> Chip de marcaje, fotograf\u00edas en el recorrido, hidrataci\u00f3n, zona beercovery, zona de descarga, parqueo, degustaci\u00f3n gracias a nuestros patrocinadores y m\u00e1s sorpresas<\/p>\n<p>\u26a0\ufe0f \u00a1Cupos limitados! Hasta agotar existencias.<\/p>\n<p>\ud83d\ude80 \u00a1Santa Ana te espera! Con\u00e9ctate con la ruta, siente la energ\u00eda de su gente y forma parte del evento que marca el ritmo del running en el occidente.<\/p>\n","protected":false},"featured_media":90484,"comment_status":"closed","ping_status":"closed","template":"","meta":{"_uf_show_specific_survey":0,"_uf_disable_surveys":false},"product_brand":[],"product_cat":[156],"product_tag":[],"class_list":{"0":"post-90478","1":"product","2":"type-product","3":"status-publish","4":"has-post-thumbnail","6":"product_cat-asfalto","7":"tm-no-options","9":"first","10":"instock","11":"sold-individually","12":"taxable","13":"shipping-taxable","14":"purchasable","15":"product-type-variable"},"jetpack_sharing_enabled":true,"_links":{"self":[{"href":"https:\/\/amiiwo.com\/store\/wp-json\/wp\/v2\/product\/90478","targetHints":{"allow":["GET"]}}],"collection":[{"href":"https:\/\/amiiwo.com\/store\/wp-json\/wp\/v2\/product"}],"about":[{"href":"https:\/\/amiiwo.com\/store\/wp-json\/wp\/v2\/types\/product"}],"replies":[{"embeddable":true,"href":"https:\/\/amiiwo.com\/store\/wp-json\/wp\/v2\/comments?post=90478"}],"wp:featuredmedia":[{"embeddable":true,"href":"https:\/\/amiiwo.com\/store\/wp-json\/wp\/v2\/media\/90484"}],"wp:attachment":[{"href":"https:\/\/amiiwo.com\/store\/wp-json\/wp\/v2\/media?parent=90478"}],"wp:term":[{"taxonomy":"product_brand","embeddable":true,"href":"https:\/\/amiiwo.com\/store\/wp-json\/wp\/v2\/product_brand?post=90478"},{"taxonomy":"product_cat","embeddable":true,"href":"https:\/\/amiiwo.com\/store\/wp-json\/wp\/v2\/product_cat?post=90478"},{"taxonomy":"product_tag","embeddable":true,"href":"https:\/\/amiiwo.com\/store\/wp-json\/wp\/v2\/product_tag?post=90478"}],"curies":[{"name":"wp","href":"https:\/\/api.w.org\/{rel}","templated":true}]}}