{"id":90928,"date":"2026-03-24T11:16:23","date_gmt":"2026-03-24T17:16:23","guid":{"rendered":"https:\/\/amiiwo.com\/store\/?post_type=product&#038;p=90928"},"modified":"2026-03-26T16:02:12","modified_gmt":"2026-03-26T22:02:12","slug":"el-camino-a-san-luis","status":"publish","type":"product","link":"https:\/\/amiiwo.com\/store\/product\/el-camino-a-san-luis\/","title":{"rendered":"EL CAMINO A SAN LUIS"},"content":{"rendered":"<blockquote><p>&nbsp;<\/p><\/blockquote>\n","protected":false},"excerpt":{"rendered":"<p style=\"text-align: justify;\">Se viene El Camino a San Luis, en su sexta edici\u00f3n, edici\u00f3n denominada \u00bb Celebrando la Vida\u00bb dicho evento naci\u00f3 brindarle un homenaje a las personas que fallecieron por COVID, la ruta de 50 km, UltraMaraton consiste en recorrer de San Salvador hacia las playas de San Luis Talpa, correr de madrugada. Las distancias de 21 km y 10 km, se recorre por todas las calles de las playas, de San Luis Talpa, en su 100% son\u00a0 en asfalto, con un desnivel positivo ideal para colocar PR.<\/p>\n<p style=\"text-align: justify;\"><strong>DATOS GENERALES:<\/strong><\/p>\n<ul style=\"text-align: justify;\">\n<li><strong>Fecha:<\/strong> Domingo 07 de Junio 2026.<\/li>\n<li><strong>Lugar:<\/strong> Bocana Playa El Pimental, San Luis Talpa.<\/li>\n<li><strong>Distancias \/ Hora de Salida<\/strong>\n<ul>\n<li>50 km, 12:00 am , gasolinera uno, Santorini, como en todos los desaf\u00edos en esta distancia solicitamos de requisito llevar carro seguidor.<\/li>\n<li>21 km, 5:15 am, Bocana Playa El Pimental, San Luis Talpa.<\/li>\n<li>10 km, 5:30 am, Bocana Playa, El Pimental, San Luis Talpa.<\/li>\n<\/ul>\n<\/li>\n<\/ul>\n<p style=\"text-align: justify;\"><strong>KIT INCLUYE: <\/strong><\/p>\n<ul style=\"text-align: justify;\">\n<li style=\"list-style-type: none;\">\n<ul>\n<li style=\"text-align: justify;\">Camisa , Medalla met\u00e1lica, sistema chip, Trofeo a los primeros lugares de cada distancia masculino y femenino,\u00a0 Hidrataci\u00f3n, fotograf\u00edas,\u00a0 regal\u00eda de patrocinadores<\/li>\n<\/ul>\n<\/li>\n<\/ul>\n<p style=\"text-align: justify;\"><strong>DISTANCIA \/ PRECIO NORMAL \/ PRECIO SIN CAMISA<\/strong><\/p>\n<ul style=\"text-align: justify;\">\n<li style=\"list-style-type: none;\">\n<ul>\n<li>10KM \/$25 \/ $20<\/li>\n<li>21KM \/ $35 \/ $30<\/li>\n<li>50KM \/$45 \/ $40<\/li>\n<\/ul>\n<\/li>\n<\/ul>\n<p style=\"text-align: justify;\"><strong>Nota:<\/strong> Las rutas y el evento se puede posponer si las autoridades lo deciden por condiciones de clima, o algun evento<\/p>\n<p style=\"text-align: justify;\">Tener en cuenta para la distancia Ultramaraton es necesario un carro seguidor, como es la \u00fanica distancia que lleva categor\u00eda master, a partir de los 45 a\u00f1os.<\/p>\n<p style=\"text-align: justify;\">Tambi\u00e9n tendremos un punto de corte que es en el km 32, el cual el tiempo es 4:45:00<\/p>\n","protected":false},"featured_media":91168,"comment_status":"closed","ping_status":"closed","template":"","meta":{"_uf_show_specific_survey":0,"_uf_disable_surveys":false},"product_brand":[],"product_cat":[156],"product_tag":[],"class_list":{"0":"post-90928","1":"product","2":"type-product","3":"status-publish","4":"has-post-thumbnail","6":"product_cat-asfalto","7":"tm-no-options","9":"first","10":"instock","11":"sold-individually","12":"taxable","13":"shipping-taxable","14":"purchasable","15":"product-type-variable"},"jetpack_sharing_enabled":true,"_links":{"self":[{"href":"https:\/\/amiiwo.com\/store\/wp-json\/wp\/v2\/product\/90928","targetHints":{"allow":["GET"]}}],"collection":[{"href":"https:\/\/amiiwo.com\/store\/wp-json\/wp\/v2\/product"}],"about":[{"href":"https:\/\/amiiwo.com\/store\/wp-json\/wp\/v2\/types\/product"}],"replies":[{"embeddable":true,"href":"https:\/\/amiiwo.com\/store\/wp-json\/wp\/v2\/comments?post=90928"}],"wp:featuredmedia":[{"embeddable":true,"href":"https:\/\/amiiwo.com\/store\/wp-json\/wp\/v2\/media\/91168"}],"wp:attachment":[{"href":"https:\/\/amiiwo.com\/store\/wp-json\/wp\/v2\/media?parent=90928"}],"wp:term":[{"taxonomy":"product_brand","embeddable":true,"href":"https:\/\/amiiwo.com\/store\/wp-json\/wp\/v2\/product_brand?post=90928"},{"taxonomy":"product_cat","embeddable":true,"href":"https:\/\/amiiwo.com\/store\/wp-json\/wp\/v2\/product_cat?post=90928"},{"taxonomy":"product_tag","embeddable":true,"href":"https:\/\/amiiwo.com\/store\/wp-json\/wp\/v2\/product_tag?post=90928"}],"curies":[{"name":"wp","href":"https:\/\/api.w.org\/{rel}","templated":true}]}}