{"id":91174,"date":"2026-03-26T10:04:58","date_gmt":"2026-03-26T16:04:58","guid":{"rendered":"https:\/\/amiiwo.com\/store\/?post_type=product&#038;p=91174"},"modified":"2026-04-30T09:20:50","modified_gmt":"2026-04-30T15:20:50","slug":"epa-run","status":"publish","type":"product","link":"https:\/\/amiiwo.com\/store\/product\/epa-run\/","title":{"rendered":"EPA RUN"},"content":{"rendered":"","protected":false},"excerpt":{"rendered":"<p>Llega una nueva edici\u00f3n de la EPA RUN con distancias para todos: 1km, 3km, 5km y 10km. Es el plan perfecto para disfrutar en familia o amigos.<\/p>\n<p style=\"text-align: justify;\"><strong>DATOS GENERALES:<\/strong><\/p>\n<ul>\n<li><strong>Fecha: <\/strong>Domingo 24 de Mayo de 2026<\/li>\n<li><strong>Lugar: <\/strong>EPA Bulevar de Los Pr\u00f3ceres<\/li>\n<li><strong>Distancias \/ Hora de salida \/ Precio (M\u00e1s cargo de boleter\u00eda)\u00a0<\/strong>\n<ul>\n<li><del>1K INFANTIL \/ 6:10 am \/ $15.00\u00a0 <\/del>\u00a0<span style=\"color: #ff0000;\">(AGOTADO)<\/span><\/li>\n<li><del>3K GENERAL\u00a0 \/ 6:00 am \/$15.00 <\/del><span style=\"color: #ff0000;\">(AGOTADO)<\/span><\/li>\n<li><del>5K GENERAL\u00a0 \/ 6:00 am \/$15.00<\/del> <span style=\"color: #ff0000;\">(AGOTADO)<\/span><\/li>\n<li><del>10K GENERAL \/ 6:00 am \/$15.00 <\/del> <span style=\"color: #ff0000;\">(AGOTADO)<\/span><\/li>\n<\/ul>\n<\/li>\n<\/ul>\n<p><strong>RUTAS:<\/strong><\/p>\n<p>1K:\u00a0<a href=\"https:\/\/www.plotaroute.com\/route\/2540781?units=km\">https:\/\/www.plotaroute.com\/route\/2540781?units=km<\/a><\/p>\n<p>3K:<a href=\"https:\/\/www.plotaroute.com\/route\/2539021?units=km\">https:\/\/www.plotaroute.com\/route\/2539021?units=km<\/a><\/p>\n<p>5K:<a href=\"https:\/\/www.plotaroute.com\/route\/2539024?units=km\">https:\/\/www.plotaroute.com\/route\/2539024?units=km<\/a><\/p>\n<p>10K:\u00a0<a href=\"https:\/\/www.plotaroute.com\/route\/2539027?units=km\">https:\/\/www.plotaroute.com\/route\/2539027?units=km<\/a><\/p>\n<p style=\"text-align: justify;\"><strong>Kit incluye: <\/strong>Camisa y visera Headsweats, N\u00famero, Chip de Cronometraje Electr\u00f3nico MyLaps, Aplicaci\u00f3n para fotos y, Medalla de 4 pulgadas con colores y list\u00f3n sublimado a doble cara.<\/p>\n<p><strong>\u26a0\ufe0fIMPORTANTE: <\/strong><\/p>\n<p><strong>ENTREGA DE KIT (PICK-UP): <\/strong><\/p>\n<p style=\"text-align: justify;\">Para retirar tu kit de la carrera lo \u00fanico que tienes que hacer es presentarte con este correo impreso o en DIGITAL junto con tu documento (DUI o Pasaporte) en Ferreter\u00eda EPA Bulevar de Los Pr\u00f3ceres el 22 o 23 de mayo de 7:00 a.m. a 9:00 p.m.<\/p>\n<p><strong>\u26a0\ufe0f EL EVENTO SE DESARROLLA \u00daNICAMENTE EN PA\u00cdS: EL SALVADOR\u00a0<\/strong><\/p>\n","protected":false},"featured_media":91201,"comment_status":"closed","ping_status":"closed","template":"","meta":{"_uf_show_specific_survey":0,"_uf_disable_surveys":false},"product_brand":[],"product_cat":[156],"product_tag":[],"class_list":{"0":"post-91174","1":"product","2":"type-product","3":"status-publish","4":"has-post-thumbnail","6":"product_cat-asfalto","7":"tm-no-options","9":"first","10":"outofstock","11":"sold-individually","12":"taxable","13":"shipping-taxable","14":"product-type-variable"},"jetpack_sharing_enabled":true,"_links":{"self":[{"href":"https:\/\/amiiwo.com\/store\/wp-json\/wp\/v2\/product\/91174","targetHints":{"allow":["GET"]}}],"collection":[{"href":"https:\/\/amiiwo.com\/store\/wp-json\/wp\/v2\/product"}],"about":[{"href":"https:\/\/amiiwo.com\/store\/wp-json\/wp\/v2\/types\/product"}],"replies":[{"embeddable":true,"href":"https:\/\/amiiwo.com\/store\/wp-json\/wp\/v2\/comments?post=91174"}],"wp:featuredmedia":[{"embeddable":true,"href":"https:\/\/amiiwo.com\/store\/wp-json\/wp\/v2\/media\/91201"}],"wp:attachment":[{"href":"https:\/\/amiiwo.com\/store\/wp-json\/wp\/v2\/media?parent=91174"}],"wp:term":[{"taxonomy":"product_brand","embeddable":true,"href":"https:\/\/amiiwo.com\/store\/wp-json\/wp\/v2\/product_brand?post=91174"},{"taxonomy":"product_cat","embeddable":true,"href":"https:\/\/amiiwo.com\/store\/wp-json\/wp\/v2\/product_cat?post=91174"},{"taxonomy":"product_tag","embeddable":true,"href":"https:\/\/amiiwo.com\/store\/wp-json\/wp\/v2\/product_tag?post=91174"}],"curies":[{"name":"wp","href":"https:\/\/api.w.org\/{rel}","templated":true}]}}