{"id":93005,"date":"2026-04-15T07:24:53","date_gmt":"2026-04-15T13:24:53","guid":{"rendered":"https:\/\/amiiwo.com\/store\/?post_type=product&#038;p=93005"},"modified":"2026-04-21T09:40:32","modified_gmt":"2026-04-21T15:40:32","slug":"surf-city-el-salvador-half-marathon","status":"publish","type":"product","link":"https:\/\/amiiwo.com\/store\/product\/surf-city-el-salvador-half-marathon\/","title":{"rendered":"SURF CITY EL SALVADOR HALF MARATHON"},"content":{"rendered":"","protected":false},"excerpt":{"rendered":"<p style=\"text-align: justify;\">El <strong>Surf City Half Marathon<\/strong> es mucho m\u00e1s que una carrera: es una experiencia que combina running y la energ\u00eda \u00fanica de la costa salvadore\u00f1a. Corre en uno de los recorridos m\u00e1s espectaculares de El Salvador, una ruta \u00fanica y panor\u00e1mica sobre el bypass Surf City con vistas privilegiadas al oc\u00e9ano Pac\u00edfico, donde cada kil\u00f3metro se corre acompa\u00f1ado por la brisa marina y un entorno natural incomparable.<\/p>\n<p style=\"text-align: justify;\">Al cruzar la meta en <strong>Punta Roca<\/strong>, te espera mucho m\u00e1s que el cierre de la carrera: vivir\u00e1s un ambiente vibrante con m\u00fasica en vivo, gastronom\u00eda y una celebraci\u00f3n que re\u00fane a corredores, acompa\u00f1antes y amantes del deporte en un solo lugar.<\/p>\n<p style=\"text-align: justify;\"><strong>DETALLES DE CARRERA:<\/strong><\/p>\n<ul style=\"text-align: justify;\">\n<li><strong>Fecha:<\/strong> Domingo 19 de julio, 2026<\/li>\n<li><strong>Meta \/ Salida: <\/strong>Surf City, Punta Roca, Puerto de La Libertad<\/li>\n<li><strong>Ubicaci\u00f3n:<\/strong> <a href=\"https:\/\/maps.app.goo.gl\/2WcdaC9eVrJAZNaT6\">https:\/\/maps.app.goo.gl\/2WcdaC9eVrJAZNaT6<\/a><\/li>\n<\/ul>\n<p><strong>PRECIO DE INSCRIPCI\u00d3N:<\/strong><\/p>\n<ul style=\"text-align: justify;\">\n<li><strong>Promoci\u00f3n de apertura (del 15 al 20 de abril):\u00a0$30.00<\/strong><\/li>\n<li>A partir del 21 de abril hasta el 30 de junio:\u00a0$35.00<\/li>\n<li>Inscripciones tard\u00edas a partir del 1 de julio: $40.00 (sujeto a disponibilidad)<\/li>\n<\/ul>\n<p style=\"text-align: justify;\"><strong>HORAS DE SALIDA:<\/strong><\/p>\n<ul style=\"text-align: justify;\">\n<li>21KM &#8211; 5:00AM<\/li>\n<li>11KM &#8211; 5:30AM<\/li>\n<\/ul>\n<p style=\"text-align: justify;\"><strong>INSCRIPCI\u00d3N INCLUYE:\u00a0<\/strong><\/p>\n<ul>\n<li style=\"list-style-type: none;\">\n<ul>\n<li>Camiseta ultra-performance Headsweats<\/li>\n<li>Medalla finisher<\/li>\n<li>N\u00famero dorsal<\/li>\n<li>Sistema de cronometraje con chip electr\u00f3nico<\/li>\n<li>Hidrataci\u00f3n en recorrido<\/li>\n<li>Fotograf\u00eda y animaci\u00f3n en recorrido<\/li>\n<li>Seguridad vial<\/li>\n<li>Asistencia m\u00e9dica<\/li>\n<li>AFTER RACE \ud83e\udd73 \ud83c\udfb8<\/li>\n<\/ul>\n<\/li>\n<\/ul>\n<p style=\"text-align: justify;\"><strong>\u26a0\ufe0f <\/strong><strong>CUPO LIMITADO <\/strong><strong>\u26a0\ufe0f<\/strong><\/p>\n<p style=\"text-align: justify;\"><strong>ENTREGA DE KITS:<\/strong><\/p>\n<ul>\n<li style=\"text-align: justify;\">Fecha: s\u00e1bado 18 de julio<\/li>\n<li style=\"text-align: justify;\">Lugar: Presidente Plaza<\/li>\n<li style=\"text-align: justify;\">Ubicaci\u00f3n: <a href=\"https:\/\/maps.app.goo.gl\/78qj2cnUf7XUwPyF6\">https:\/\/maps.app.goo.gl\/78qj2cnUf7XUwPyF6<\/a><\/li>\n<li style=\"text-align: justify;\">Horario: 8:00AM a 5:00PM<\/li>\n<\/ul>\n","protected":false},"featured_media":93009,"comment_status":"closed","ping_status":"closed","template":"","meta":{"_uf_show_specific_survey":0,"_uf_disable_surveys":false},"product_brand":[],"product_cat":[156],"product_tag":[],"class_list":{"0":"post-93005","1":"product","2":"type-product","3":"status-publish","4":"has-post-thumbnail","6":"product_cat-asfalto","7":"tm-no-options","9":"first","10":"instock","11":"sold-individually","12":"taxable","13":"shipping-taxable","14":"purchasable","15":"product-type-variable"},"jetpack_sharing_enabled":true,"_links":{"self":[{"href":"https:\/\/amiiwo.com\/store\/wp-json\/wp\/v2\/product\/93005","targetHints":{"allow":["GET"]}}],"collection":[{"href":"https:\/\/amiiwo.com\/store\/wp-json\/wp\/v2\/product"}],"about":[{"href":"https:\/\/amiiwo.com\/store\/wp-json\/wp\/v2\/types\/product"}],"replies":[{"embeddable":true,"href":"https:\/\/amiiwo.com\/store\/wp-json\/wp\/v2\/comments?post=93005"}],"wp:featuredmedia":[{"embeddable":true,"href":"https:\/\/amiiwo.com\/store\/wp-json\/wp\/v2\/media\/93009"}],"wp:attachment":[{"href":"https:\/\/amiiwo.com\/store\/wp-json\/wp\/v2\/media?parent=93005"}],"wp:term":[{"taxonomy":"product_brand","embeddable":true,"href":"https:\/\/amiiwo.com\/store\/wp-json\/wp\/v2\/product_brand?post=93005"},{"taxonomy":"product_cat","embeddable":true,"href":"https:\/\/amiiwo.com\/store\/wp-json\/wp\/v2\/product_cat?post=93005"},{"taxonomy":"product_tag","embeddable":true,"href":"https:\/\/amiiwo.com\/store\/wp-json\/wp\/v2\/product_tag?post=93005"}],"curies":[{"name":"wp","href":"https:\/\/api.w.org\/{rel}","templated":true}]}}