{"id":94127,"date":"2026-04-28T09:16:24","date_gmt":"2026-04-28T15:16:24","guid":{"rendered":"https:\/\/amiiwo.com\/store\/?post_type=product&#038;p=94127"},"modified":"2026-04-28T11:07:10","modified_gmt":"2026-04-28T17:07:10","slug":"suchitoto-trail-race","status":"publish","type":"product","link":"https:\/\/amiiwo.com\/store\/product\/suchitoto-trail-race\/","title":{"rendered":"SUCHITOTO TRAIL RACE"},"content":{"rendered":"","protected":false},"excerpt":{"rendered":"<p style=\"text-align: justify;\">\u00a1El Trail vuelve a Suchitoto! Nuevas rutas, la misma pasi\u00f3n. Suchitoto te espera: naturaleza, cultura y adrenalina en cada kil\u00f3metro.<\/p>\n<p style=\"text-align: justify;\"><strong>DETALLES DE CARRERA:<\/strong><\/p>\n<ul style=\"text-align: justify;\">\n<li><strong>Fecha:<\/strong> Domingo 28 de Junio, 2026<\/li>\n<li><strong>Lugar de Meta:<\/strong> Parque Suchitoto<\/li>\n<li><strong>Distancias \/ Precio \/ precio SIN CAMISETA<\/strong>\n<ul>\n<li>7 KM \/ $30.00 \/ $25.00 (SIN CAMISETA)<\/li>\n<li>14 KM \/ $35.00 \/ $30.00 (SIN CAMISETA)<\/li>\n<li>21 KM \/ $40.00 \/ $35.00 (SIN CAMISETA)<\/li>\n<li>35 KM \/ $45.00 \/ $40.00 (SIN CAMISETA)<\/li>\n<\/ul>\n<\/li>\n<\/ul>\n<p><strong>Descuento de pre-inscripci\u00f3n:<\/strong> $5.00 (hasta el 22 de Mayo)<\/p>\n<p><strong>KIT ESPECIAL INCLUYE: <\/strong><\/p>\n<ul>\n<li style=\"list-style-type: none;\">\n<ul>\n<li>Camiseta ultra-performance Headsweats<\/li>\n<li>Medalla finisher<\/li>\n<li>N\u00famero dorsal<\/li>\n<li>Sistema de cronometraje con chip electr\u00f3nico<\/li>\n<li>Hidrataci\u00f3n en recorrido<\/li>\n<li>Se\u00f1alizaci\u00f3n y orientaci\u00f3n en recorrido<\/li>\n<li>Acceso a Cascada Los Tercios<\/li>\n<li>Acceso a propiedad privada<\/li>\n<li>Seguridad<\/li>\n<li>Asistencia m\u00e9dica<\/li>\n<\/ul>\n<\/li>\n<\/ul>\n<p><strong>\u00a1NOS VEMOS EN SUCHITOTO!<\/strong><\/p>\n","protected":false},"featured_media":94128,"comment_status":"closed","ping_status":"closed","template":"","meta":{"_uf_show_specific_survey":0,"_uf_disable_surveys":false},"product_brand":[],"product_cat":[157],"product_tag":[],"class_list":{"0":"post-94127","1":"product","2":"type-product","3":"status-publish","4":"has-post-thumbnail","6":"product_cat-trail","7":"tm-no-options","9":"first","10":"instock","11":"sold-individually","12":"taxable","13":"shipping-taxable","14":"purchasable","15":"product-type-variable"},"jetpack_sharing_enabled":true,"_links":{"self":[{"href":"https:\/\/amiiwo.com\/store\/wp-json\/wp\/v2\/product\/94127","targetHints":{"allow":["GET"]}}],"collection":[{"href":"https:\/\/amiiwo.com\/store\/wp-json\/wp\/v2\/product"}],"about":[{"href":"https:\/\/amiiwo.com\/store\/wp-json\/wp\/v2\/types\/product"}],"replies":[{"embeddable":true,"href":"https:\/\/amiiwo.com\/store\/wp-json\/wp\/v2\/comments?post=94127"}],"wp:featuredmedia":[{"embeddable":true,"href":"https:\/\/amiiwo.com\/store\/wp-json\/wp\/v2\/media\/94128"}],"wp:attachment":[{"href":"https:\/\/amiiwo.com\/store\/wp-json\/wp\/v2\/media?parent=94127"}],"wp:term":[{"taxonomy":"product_brand","embeddable":true,"href":"https:\/\/amiiwo.com\/store\/wp-json\/wp\/v2\/product_brand?post=94127"},{"taxonomy":"product_cat","embeddable":true,"href":"https:\/\/amiiwo.com\/store\/wp-json\/wp\/v2\/product_cat?post=94127"},{"taxonomy":"product_tag","embeddable":true,"href":"https:\/\/amiiwo.com\/store\/wp-json\/wp\/v2\/product_tag?post=94127"}],"curies":[{"name":"wp","href":"https:\/\/api.w.org\/{rel}","templated":true}]}}